{"id":10830,"date":"2022-12-13T21:30:10","date_gmt":"2022-12-13T20:30:10","guid":{"rendered":"https:\/\/testwww.adiuvet.com\/licencia-de-software\/"},"modified":"2023-01-16T14:21:12","modified_gmt":"2023-01-16T13:21:12","slug":"licencia-de-software","status":"publish","type":"page","link":"https:\/\/www.adiuvet.com\/es\/licencia-software\/","title":{"rendered":"Licencia de software"},"content":{"rendered":"\t\t<div data-elementor-type=\"wp-page\" data-elementor-id=\"10830\" class=\"elementor elementor-10830 elementor-9494\" data-elementor-post-type=\"page\">\n\t\t\t\t\t\t<section class=\"elementor-section elementor-top-section elementor-element elementor-element-aaf008b elementor-section-boxed elementor-section-height-default elementor-section-height-default\" data-id=\"aaf008b\" data-element_type=\"section\" data-e-type=\"section\">\n\t\t\t\t\t\t<div class=\"elementor-container elementor-column-gap-default\">\n\t\t\t\t\t<div class=\"elementor-column elementor-col-100 elementor-top-column elementor-element elementor-element-bd88f92\" data-id=\"bd88f92\" data-element_type=\"column\" data-e-type=\"column\">\n\t\t\t<div class=\"elementor-widget-wrap elementor-element-populated\">\n\t\t\t\t\t\t<div class=\"elementor-element elementor-element-3f690e0 elementor-widget elementor-widget-text-editor\" data-id=\"3f690e0\" data-element_type=\"widget\" data-e-type=\"widget\" data-widget_type=\"text-editor.default\">\n\t\t\t\t<div class=\"elementor-widget-container\">\n\t\t\t\t\t\t\t\t\t<p style=\"text-align: center;\"><strong>ACUERDO DE LICENCIA DE SOFTWARE<\/strong><\/p><p style=\"text-align: center;\">Entre<\/p><p><strong>People Lab srl<\/strong>, sociedad con domicilio social en Mil\u00e1n, Via Oldofredi, 45, CIF y NIF 04212840963 en la persona de Luca Mattiello, en calidad de representante legal debidamente autorizado y Administrador \u00danico, en lo sucesivo denominado &#8220;Licenciante&#8221; o &#8220;<strong>People Lab<\/strong>&#8221; en aras de la brevedad.<\/p><p style=\"text-align: center;\">y<\/p><p><strong>Cliente y\/o Licenciatario<\/strong><\/p><p>en lo sucesivo denominadas conjuntamente las &#8220;Partes&#8221; e individualmente la &#8220;Parte<\/p><p><strong>Considerando que<\/strong><\/p><ol><li>People Lab srl ha dise\u00f1ado y desarrollado el software denominado Adiuvet, que es un aplicativo para la gesti\u00f3n de las actividades cl\u00ednicas y administrativas del Cliente;<\/li><li>El Cliente ha suscrito un contrato para el suministro del programa inform\u00e1tico mencionado;<\/li><li>Para dar curso al contrato de suministro antedicho, es necesario celebrar tambi\u00e9n el presente acuerdo por el cual People Lab srl concede una licencia de uso del software de su propiedad (y\/o sistema\/s operativo\/s) y de los servicios conexos definidos a continuaci\u00f3n, en aras de la brevedad Software, en las condiciones, t\u00e9rminos y modalidades que se indican a continuaci\u00f3n;<\/li><li>Al aceptar este acuerdo, el Cliente se vincula a People lab srl por los t\u00e9rminos de esta licencia (&#8220;Acuerdo&#8221;).<\/li><\/ol><p>En vista de lo anteriormente expuesto, las Partes acuerdan lo que sigue<\/p><p><strong>1. Premisas<\/strong><\/p><ol><li>Las premisas, las actas, los anexos y los documentos a los que se hace referencia constituyen parte integrante y esencial del presente contrato y son expresamente aprobados por las<\/li><\/ol><p><strong>2.\u00a0 Definiciones<\/strong><\/p><ol><li>Adem\u00e1s de los t\u00e9rminos y expresiones definidos en otras cl\u00e1usulas y disposiciones del Acuerdo, y a efectos del mismo, los t\u00e9rminos y expresiones que se indican a continuaci\u00f3n tendr\u00e1n exclusivamente el significado que se establece a continuaci\u00f3n para cada uno de ellos:<ul><li>Cliente\/Licenciatario: el sujeto, persona f\u00edsica o jur\u00eddica, que utiliza el Software objeto del presente Contrato en el \u00e1mbito de su actividad profesional.<\/li><li>Proveedor\/PeopleLab: &#8220;PeopleLab r.l.&#8221; con domicilio social en Mil\u00e1n) &#8211; Via Oldofredi n. 45, I t a l i a , C \u00f3 d i g o F i s c a l y N I F 0 4 2 1 2 8 4 0 9 6 3 y R . E . A . n MI2553211 , P. E . C . l.mattiello@pec.peoplelab.it;<\/li><li>Acuerdo: el presente Acuerdo de Licencia de Software junto con los anexos que se enumeran a continuaci\u00f3n:<ul><li>Anexo 1 &#8211; &#8220;Pol\u00edtica de privacidad del cliente&#8221;<\/li><li>Anexo 2- &#8220;Nombramiento del responsable externo de conformidad con el art\u00edculo 28 del RGPD&#8221; (si procede)<\/li><\/ul><\/li><li>Parte o Partes: individual o conjuntamente: Proveedor y Cliente;<\/li><li>Software: el software Adiuvet con licencia de uso;<\/li><\/ul><\/li><\/ol><p><strong>3.\u00a0 Objeto del contrato<\/strong><\/p><p>People Lab, concede al Cliente la licencia de uso del Software, en una de las versiones\/modalidades &#8220;cuyas caracter\u00edsticas se indican en el siguiente enlace: <a href=\"https:\/\/www.adiuvet.com\/es\/licencias\/\">https:\/\/www.adiuvet.com\/es\/licencias\/<\/a><\/p><p><u><\/u><strong>4.\u00a0 Propiedad intelectual y l\u00edmites de la licencia de uso<\/strong><\/p><ol><li>El Software y su &#8220;c\u00f3digo fuente&#8221;, cada actualizaci\u00f3n y\/o modificaci\u00f3n y, m\u00e1s en general, cada uno de sus componentes, est\u00e1n cubiertos por el C\u00f3digo de la Propiedad Industrial e Intelectual (Decreto Legislativo n\u00ba 30\/2005), por la ley italiana de derechos de autor (L. 633\/1941), por las normas contenidas en los tratados internacionales, as\u00ed como por las leyes en vigor en el pa\u00eds en el que se<\/li><li>Por tanto, el Software se suministra bajo una licencia de uso (en la forma antes indicada), de duraci\u00f3n determinada, no exclusiva e intransferible, gracias a la cual el Cliente se convierte en titular de los derechos de uso del programa, limitados a lo que se dispone a continuaci\u00f3n.<\/li><li>Se proh\u00edbe de forma expresa al Cliente llevar a cabo cualquier descodificaci\u00f3n, desmontaje, descompilaci\u00f3n o ingenier\u00eda inversa del Software, incluso con el fin de obtener su c\u00f3digo<\/li><li>El Software licenciado al Cliente podr\u00e1 ser utilizado por el mismo de forma limitada al n\u00famero de usuarios<\/li><\/ol><p><strong>5.\u00a0 Uso y propiedad de plantillas de software<\/strong><\/p><ol><li>En virtud de la licencia objeto del presente contrato y dentro de los l\u00edmites establecidos en el art\u00edculo 7 que sigue, el Cliente podr\u00e1 utilizar una biblioteca de modelos predefinidos para uso cl\u00ednico o<\/li><li>El Cliente podr\u00e1 utilizar dichas plantillas, modificarlas o crear otras nuevas, acord\u00e1ndose expresamente por las Partes lo siguiente:<ol><li>Las plantillas de la librer\u00eda originales o modificadas por el Cliente son y seguir\u00e1n siendo propiedad de People Lab, que las cede al Cliente para su uso siempre en virtud del presente<\/li><li>Los m\u00f3dulos creados desde cero por el Cliente son propiedad del Cliente, pero People Lab adquiere, gratuitamente y por tiempo indefinido, los derechos de uso, modificaci\u00f3n, reventa a otros<\/li><\/ol><\/li><\/ol><p><strong>6. Duraci\u00f3n del contrato<\/strong><\/p><ol><li>El presente contrato tendr\u00e1 la duraci\u00f3n prevista para la licencia elegida y se renovar\u00e1 autom\u00e1ticamente a su t\u00e9rmino por el mismo periodo, salvo que el Cliente comunique al Proveedor, siguiendo los procedimientos y plazos indicados en el \u00e1rea reservada a la que puede acceder, su intenci\u00f3n de no seguir utilizando el software.<\/li><li>Sin perjuicio del derecho del Proveedor a rescindir el presente contrato previa notificaci\u00f3n por escrito al Cliente al menos 30 (treinta) d\u00edas antes de la expiraci\u00f3n de la<\/li><\/ol><p><strong>7. Modificaci\u00f3n, reproducci\u00f3n y uso<\/strong><\/p><ol><li>Adem\u00e1s de lo expresado en los puntos anteriores, respecto del Software, se proh\u00edbe expresamente al Cliente, por cualquier medio y\/o en cualquier forma o manera, permanente o temporal:<ol><li>alteraci\u00f3n estructural, incluso parcial, modificaci\u00f3n-alteraci\u00f3n y\/o cambio de la misma;<\/li><li>de reproducci\u00f3n, copia, duplicaci\u00f3n, plagio y\/o en cualquier caso de uso distinto de aqu\u00e9l para el que se destin\u00f3 el software;<\/li><li>de traducci\u00f3n, adaptaci\u00f3n, transformaci\u00f3n;<\/li><\/ol><\/li><li>La infracci\u00f3n de estas prohibiciones implicar\u00e1 la p\u00e9rdida de los derechos de garant\u00eda que acompa\u00f1an al Software, dando lugar a la responsabilidad exclusiva del Cliente por el correspondiente mal funcionamiento y\/o da\u00f1os y perjuicios que pudieran derivarse del mismo.<\/li><\/ol><p><strong>8. Garant\u00eda limitada<\/strong><\/p><ol><li>Peoplelab srl no garantiza que el funcionamiento del Software est\u00e9 libre de fallos o errores o que cualquier defecto pueda ser eliminado.<\/li><li>PeopleLab garantiza al Cliente que el Software funcionar\u00e1 de acuerdo con sus caracter\u00edsticas durante un periodo de 12 (doce) meses a partir de la fecha de activaci\u00f3n.<\/li><li>La garant\u00eda, bajo pena de caducidad, deber\u00e1 hacerse valer en el plazo de 30 (treinta) d\u00edas desde su descubrimiento, debidamente comunicada y justificada por correo electr\u00f3nico<\/li><li>Para que la garant\u00eda mencionada sea operativa, PeopleLab s\u00f3lo estar\u00e1 obligada a realizar las acciones indicadas en el Anexo 1 del art\u00edculo 3<\/li><li>Si, a pesar de las intervenciones mencionadas en el anterior apartado 9.4, el Software no funciona de acuerdo con sus caracter\u00edsticas, la responsabilidad total de PeopleLab y el recurso exclusivo del Cliente se limitar\u00e1n a la sustituci\u00f3n del Software o, de forma alternativa y a discreci\u00f3n de PeopleLab, al reembolso de los honorarios pagados hasta ese<\/li><li>People Lab garantiza que el Software ha sido certificado para su uso en el navegador Google Chrome, cualquier versi\u00f3n posterior a la versi\u00f3n 103.<\/li><\/ol><p><strong>9. Limitaci\u00f3n de responsabilidad y exclusi\u00f3n de da\u00f1os<\/strong><\/p><ol><li>Bajo ninguna circunstancia People Lab ser\u00e1 responsable ante el Cliente o terceros por cualquier da\u00f1o emergente, indirecto, accidental o especial de cualquier tipo, incluyendo p\u00e9rdida de beneficios, p\u00e9rdida de ingresos, interrupci\u00f3n de negocio, p\u00e9rdida de informaci\u00f3n u otras p\u00e9rdidas econ\u00f3micas o de imagen derivadas del uso o imposibilidad de uso del Software.<\/li><li>La responsabilidad de People Lab por los da\u00f1os y perjuicios directos sufridos por el Cliente o por terceros y debidos a causas de cualquier naturaleza se limitar\u00e1, en todo caso, a los casos de dolo y negligencia grave y, en todo caso, a una cantidad m\u00e1xima igual al importe de las cantidades efectivamente abonadas por el Cliente por el uso del Software.<\/li><li>El Cliente est\u00e1 obligado a tomar todas las medidas de precauci\u00f3n razonables para evitar y limitar los da\u00f1os, en particular, haciendo copias de seguridad de los datos que residen en su dispositivo de conformidad con las disposiciones del presente acuerdo, siempre que sea posible\/soportable con el Software<\/li><li>En cualquier caso, el Cliente se compromete a utilizar el software de acuerdo con las prescripciones de uso dadas y a no manipularlo, alterarlo y\/o da\u00f1arlo.<\/li><li>People Lab no se hace responsable de los da\u00f1os y perjuicios causados por el Cliente a terceros por el uso indebido del software, y\/o por el uso del software en el caso de no contar con las autorizaciones necesarias prescritas por la normativa sectorial a la que pueda estar sujeto el Cliente.<\/li><\/ol><p><strong>10. Tasa, facturaci\u00f3n y pago<\/strong><\/p><ol><li>Como contraprestaci\u00f3n por el uso del Software, el Cliente pagar\u00e1 una cuota peri\u00f3dica anticipada, cuyo importe se especifica, seg\u00fan el tipo concreto de licencia elegido, en el siguiente enlace: <a href=\"https:\/\/www.adiuvet.com\/es\/licencias\/\">https:\/\/www.adiuvet.com\/es\/licencias\/<\/a><\/li><li>En caso de falta de pago o de retraso en el pago por parte del Cliente, incluso de una \u00fanica cuota, sin perjuicio del inter\u00e9s de demora devengado sin necesidad de intimaci\u00f3n y al tipo establecido en el Decreto Legislativo n\u00ba 231\/02, PeopleLab podr\u00e1 suspender la ejecuci\u00f3n del contrato conforme al art\u00edculo 1460 del CC (Codice Civile italiano).<\/li><\/ol><p><strong>11. Activaci\u00f3n de licencias<\/strong><\/p><ol><li>En el momento de la firma del presente contrato y tras el pago de la primera cuota en virtud del punto 10 anterior, el Cliente podr\u00e1 recibir las credenciales para la activaci\u00f3n del Software.<\/li><\/ol><p><strong>12. Tratamiento de datos<\/strong><\/p><ol><li>Cada una de las Partes se compromete a procesar los datos personales comunicados en relaci\u00f3n con el Contrato de conformidad con las disposiciones de la ley sobre protecci\u00f3n de datos personales y reconocen que han intercambiado avisos conforme al Reglamento europeo de protecci\u00f3n de datos n.\u00ba 679\/16 (GDPR) y la Ley italiana de protecci\u00f3n de datos n.\u00ba 196 de 2003 modificada por el Decreto Legislativo \u00ba 101 de 2018 (Anexo 2 &#8211; Aviso de privacidad I).<\/li><li>Peoplelab, en caso de que sea necesario debido al procesamiento de datos que lleva a cabo en ejecuci\u00f3n de este Acuerdo, puede ser nombrado responsable externo del tratamiento de datos en nombre del Cliente (Responsable del Tratamiento) de conformidad con el art\u00edculo 28 del Reglamento Europeo 2016\/679 (&#8220;GDPR&#8221;) (Anexo 3 &#8211; &#8220;Nombramiento del responsable externo del tratamiento de datos de conformidad con el art\u00edculo 28 GDPR\u201d).<\/li><li>Mediante la firma del presente Acuerdo, el Cliente -bajo su exclusiva responsabilidad- autoriza a People Lab srl a utilizar los datos, de los que el Cliente es el responsable del tratamiento, y ello tras su anonimizaci\u00f3n y en forma<\/li><\/ol><p><strong>13. Uso de datos no personales<\/strong><\/p><ol><li>Mediante la adhesi\u00f3n al presente Acuerdo, el Cliente -bajo su exclusiva responsabilidad- autoriza a People Lab a utilizar tambi\u00e9n datos no personales (por ejemplo, datos sobre enfermedades animales) con fines estad\u00edsticos, de mercado y comerciales.<\/li><\/ol><p><strong>14. Ley aplicable y jurisdicci\u00f3n competente<\/strong><\/p><ol><li>El presente contrato se rige por la legislaci\u00f3n italiana y cualquier litigio relacionado con el mismo se referir\u00e1 a la jurisdicci\u00f3n exclusiva del Tribunal de Mil\u00e1n.<\/li><\/ol><p><strong>15. Prohibici\u00f3n de cesi\u00f3n<\/strong><\/p><ol><li>El presente Contrato no podr\u00e1 ser cedido por una de las Partes sin el previo consentimiento por escrito de la otra Parte.<\/li><\/ol><p><strong>16. Cl\u00e1usula de rescisi\u00f3n expresa<\/strong><\/p><ol><li>Peoplelab se reserva el derecho de rescindir el presente contrato, de conformidad y a los efectos del art\u00edculo 1456 del C\u00f3digo Civil italiano, mediante comunicaci\u00f3n escrita enviada al Cliente con un preaviso de 7 (siete) d\u00edas, en caso de que el Cliente incumpla sus obligaciones en virtud del presente contrato y, en concreto, en referencia a los siguientes art\u00edculos: art\u00edculo 4, art\u00edculo 7, art\u00edculo 8, art\u00edculo 10.<\/li><li>En caso de rescisi\u00f3n, el Cliente est\u00e1 obligado a cesar todo uso del Software, de las relativas credenciales de acceso y de cualquier otro material que<\/li><li>Todo ello sin perjuicio del derecho de Peoplelab a la indemnizaci\u00f3n por da\u00f1os y perjuicios mayores, adem\u00e1s de los da\u00f1os y perjuicios ya cuantificados como equivalentes a 50 (cincuenta) veces la cuota de abono mensual en virtud del presente contrato.<\/li><\/ol><p><strong>17. Anexos<\/strong><\/p><ol><li>Los anexos siguientes constituyen parte integrante del presente documento:<ul><li>Anexo 1 &#8211; &#8220;<a href=\"https:\/\/www.adiuvet.com\/es\/privacidad-politica-licencia\/\"><span style=\"text-decoration: underline;\">Pol\u00edtica de privacidad del cliente<\/span><\/a>\u201d<\/li><li>Anexo 2 &#8211; &#8220;<a href=\"https:\/\/www.adiuvet.com\/es\/nombramiento-encargado-externo\/\"><span style=\"text-decoration: underline;\">Nombramiento de la persona responsable externa ex 28 GDPR<\/span><\/a>&#8220;.<\/li><\/ul><\/li><\/ol>\t\t\t\t\t\t\t\t<\/div>\n\t\t\t\t<\/div>\n\t\t\t\t\t<\/div>\n\t\t<\/div>\n\t\t\t\t\t<\/div>\n\t\t<\/section>\n\t\t\t\t<\/div>\n\t\t","protected":false},"excerpt":{"rendered":"<p>ACUERDO DE LICENCIA DE SOFTWARE Entre People Lab srl, sociedad con domicilio social en Mil\u00e1n, Via Oldofredi, 45, CIF y NIF 04212840963 en la persona de Luca Mattiello, en calidad de representante legal debidamente autorizado y Administrador \u00danico, en lo &hellip; <a href=\"https:\/\/www.adiuvet.com\/es\/licencia-software\/\">Read More<\/a><\/p>\n","protected":false},"author":33,"featured_media":0,"parent":0,"menu_order":0,"comment_status":"closed","ping_status":"closed","template":"","meta":{"footnotes":""},"class_list":["post-10830","page","type-page","status-publish","hentry"],"yoast_head":"<!-- This site is optimized with the Yoast SEO plugin v27.2 - https:\/\/yoast.com\/product\/yoast-seo-wordpress\/ -->\n<title>Licencia de software | Adiuvet<\/title>\n<meta name=\"robots\" content=\"index, follow, max-snippet:-1, max-image-preview:large, max-video-preview:-1\" \/>\n<link rel=\"canonical\" href=\"https:\/\/www.adiuvet.com\/es\/licencia-software\/\" \/>\n<meta property=\"og:locale\" content=\"es_ES\" \/>\n<meta property=\"og:type\" content=\"article\" \/>\n<meta property=\"og:title\" content=\"Licencia de software | Adiuvet\" \/>\n<meta property=\"og:description\" content=\"ACUERDO DE LICENCIA DE SOFTWARE Entre People Lab srl, sociedad con domicilio social en Mil\u00e1n, Via Oldofredi, 45, CIF y NIF 04212840963 en la persona de Luca Mattiello, en calidad de representante legal debidamente autorizado y Administrador \u00danico, en lo &hellip; Read More\" \/>\n<meta property=\"og:url\" content=\"https:\/\/www.adiuvet.com\/es\/licencia-software\/\" \/>\n<meta property=\"og:site_name\" content=\"Adiuvet\" \/>\n<meta property=\"article:modified_time\" content=\"2023-01-16T13:21:12+00:00\" \/>\n<meta name=\"twitter:card\" content=\"summary_large_image\" \/>\n<meta name=\"twitter:label1\" content=\"Tiempo de lectura\" \/>\n\t<meta name=\"twitter:data1\" content=\"9 minutos\" \/>\n<script type=\"application\/ld+json\" class=\"yoast-schema-graph\">{\"@context\":\"https:\/\/schema.org\",\"@graph\":[{\"@type\":\"WebPage\",\"@id\":\"https:\/\/www.adiuvet.com\/es\/licencia-software\/\",\"url\":\"https:\/\/www.adiuvet.com\/es\/licencia-software\/\",\"name\":\"Licencia de software | Adiuvet\",\"isPartOf\":{\"@id\":\"https:\/\/www.adiuvet.com\/es\/#website\"},\"datePublished\":\"2022-12-13T20:30:10+00:00\",\"dateModified\":\"2023-01-16T13:21:12+00:00\",\"breadcrumb\":{\"@id\":\"https:\/\/www.adiuvet.com\/es\/licencia-software\/#breadcrumb\"},\"inLanguage\":\"es\",\"potentialAction\":[{\"@type\":\"ReadAction\",\"target\":[\"https:\/\/www.adiuvet.com\/es\/licencia-software\/\"]}]},{\"@type\":\"BreadcrumbList\",\"@id\":\"https:\/\/www.adiuvet.com\/es\/licencia-software\/#breadcrumb\",\"itemListElement\":[{\"@type\":\"ListItem\",\"position\":1,\"name\":\"Home\",\"item\":\"https:\/\/www.adiuvet.com\/es\/\"},{\"@type\":\"ListItem\",\"position\":2,\"name\":\"Licencia de software\"}]},{\"@type\":\"WebSite\",\"@id\":\"https:\/\/www.adiuvet.com\/es\/#website\",\"url\":\"https:\/\/www.adiuvet.com\/es\/\",\"name\":\"Adiuvet\",\"description\":\"Arricchisci il tuo business nella veterinaria\",\"publisher\":{\"@id\":\"https:\/\/www.adiuvet.com\/es\/#organization\"},\"potentialAction\":[{\"@type\":\"SearchAction\",\"target\":{\"@type\":\"EntryPoint\",\"urlTemplate\":\"https:\/\/www.adiuvet.com\/es\/?s={search_term_string}\"},\"query-input\":{\"@type\":\"PropertyValueSpecification\",\"valueRequired\":true,\"valueName\":\"search_term_string\"}}],\"inLanguage\":\"es\"},{\"@type\":\"Organization\",\"@id\":\"https:\/\/www.adiuvet.com\/es\/#organization\",\"name\":\"Adiuvet\",\"url\":\"https:\/\/www.adiuvet.com\/es\/\",\"logo\":{\"@type\":\"ImageObject\",\"inLanguage\":\"es\",\"@id\":\"https:\/\/www.adiuvet.com\/es\/#\/schema\/logo\/image\/\",\"url\":\"https:\/\/www.adiuvet.com\/wp-content\/uploads\/2022\/07\/logo_adiuvet.svg\",\"contentUrl\":\"https:\/\/www.adiuvet.com\/wp-content\/uploads\/2022\/07\/logo_adiuvet.svg\",\"width\":100,\"height\":100,\"caption\":\"Adiuvet\"},\"image\":{\"@id\":\"https:\/\/www.adiuvet.com\/es\/#\/schema\/logo\/image\/\"},\"sameAs\":[\"https:\/\/www.youtube.com\/@Adiuvet\"]}]}<\/script>\n<!-- \/ Yoast SEO plugin. -->","yoast_head_json":{"title":"Licencia de software | Adiuvet","robots":{"index":"index","follow":"follow","max-snippet":"max-snippet:-1","max-image-preview":"max-image-preview:large","max-video-preview":"max-video-preview:-1"},"canonical":"https:\/\/www.adiuvet.com\/es\/licencia-software\/","og_locale":"es_ES","og_type":"article","og_title":"Licencia de software | Adiuvet","og_description":"ACUERDO DE LICENCIA DE SOFTWARE Entre People Lab srl, sociedad con domicilio social en Mil\u00e1n, Via Oldofredi, 45, CIF y NIF 04212840963 en la persona de Luca Mattiello, en calidad de representante legal debidamente autorizado y Administrador \u00danico, en lo &hellip; Read More","og_url":"https:\/\/www.adiuvet.com\/es\/licencia-software\/","og_site_name":"Adiuvet","article_modified_time":"2023-01-16T13:21:12+00:00","twitter_card":"summary_large_image","twitter_misc":{"Tiempo de lectura":"9 minutos"},"schema":{"@context":"https:\/\/schema.org","@graph":[{"@type":"WebPage","@id":"https:\/\/www.adiuvet.com\/es\/licencia-software\/","url":"https:\/\/www.adiuvet.com\/es\/licencia-software\/","name":"Licencia de software | Adiuvet","isPartOf":{"@id":"https:\/\/www.adiuvet.com\/es\/#website"},"datePublished":"2022-12-13T20:30:10+00:00","dateModified":"2023-01-16T13:21:12+00:00","breadcrumb":{"@id":"https:\/\/www.adiuvet.com\/es\/licencia-software\/#breadcrumb"},"inLanguage":"es","potentialAction":[{"@type":"ReadAction","target":["https:\/\/www.adiuvet.com\/es\/licencia-software\/"]}]},{"@type":"BreadcrumbList","@id":"https:\/\/www.adiuvet.com\/es\/licencia-software\/#breadcrumb","itemListElement":[{"@type":"ListItem","position":1,"name":"Home","item":"https:\/\/www.adiuvet.com\/es\/"},{"@type":"ListItem","position":2,"name":"Licencia de software"}]},{"@type":"WebSite","@id":"https:\/\/www.adiuvet.com\/es\/#website","url":"https:\/\/www.adiuvet.com\/es\/","name":"Adiuvet","description":"Arricchisci il tuo business nella veterinaria","publisher":{"@id":"https:\/\/www.adiuvet.com\/es\/#organization"},"potentialAction":[{"@type":"SearchAction","target":{"@type":"EntryPoint","urlTemplate":"https:\/\/www.adiuvet.com\/es\/?s={search_term_string}"},"query-input":{"@type":"PropertyValueSpecification","valueRequired":true,"valueName":"search_term_string"}}],"inLanguage":"es"},{"@type":"Organization","@id":"https:\/\/www.adiuvet.com\/es\/#organization","name":"Adiuvet","url":"https:\/\/www.adiuvet.com\/es\/","logo":{"@type":"ImageObject","inLanguage":"es","@id":"https:\/\/www.adiuvet.com\/es\/#\/schema\/logo\/image\/","url":"https:\/\/www.adiuvet.com\/wp-content\/uploads\/2022\/07\/logo_adiuvet.svg","contentUrl":"https:\/\/www.adiuvet.com\/wp-content\/uploads\/2022\/07\/logo_adiuvet.svg","width":100,"height":100,"caption":"Adiuvet"},"image":{"@id":"https:\/\/www.adiuvet.com\/es\/#\/schema\/logo\/image\/"},"sameAs":["https:\/\/www.youtube.com\/@Adiuvet"]}]}},"_links":{"self":[{"href":"https:\/\/www.adiuvet.com\/es\/wp-json\/wp\/v2\/pages\/10830","targetHints":{"allow":["GET"]}}],"collection":[{"href":"https:\/\/www.adiuvet.com\/es\/wp-json\/wp\/v2\/pages"}],"about":[{"href":"https:\/\/www.adiuvet.com\/es\/wp-json\/wp\/v2\/types\/page"}],"author":[{"embeddable":true,"href":"https:\/\/www.adiuvet.com\/es\/wp-json\/wp\/v2\/users\/33"}],"replies":[{"embeddable":true,"href":"https:\/\/www.adiuvet.com\/es\/wp-json\/wp\/v2\/comments?post=10830"}],"version-history":[{"count":0,"href":"https:\/\/www.adiuvet.com\/es\/wp-json\/wp\/v2\/pages\/10830\/revisions"}],"wp:attachment":[{"href":"https:\/\/www.adiuvet.com\/es\/wp-json\/wp\/v2\/media?parent=10830"}],"curies":[{"name":"wp","href":"https:\/\/api.w.org\/{rel}","templated":true}]}}