{"id":5663,"date":"2022-10-04T14:49:51","date_gmt":"2022-10-04T12:49:51","guid":{"rendered":"https:\/\/testwww.adiuvet.com\/condiciones-de-uso\/"},"modified":"2023-01-16T14:32:02","modified_gmt":"2023-01-16T13:32:02","slug":"condiciones-de-uso","status":"publish","type":"page","link":"https:\/\/www.adiuvet.com\/es\/condiciones-de-uso\/","title":{"rendered":"Condiciones de uso"},"content":{"rendered":"\t\t<div data-elementor-type=\"wp-page\" data-elementor-id=\"5663\" class=\"elementor elementor-5663 elementor-3305\" data-elementor-post-type=\"page\">\n\t\t\t\t\t\t<section class=\"elementor-section elementor-top-section elementor-element elementor-element-b0497d8 elementor-section-boxed elementor-section-height-default elementor-section-height-default\" data-id=\"b0497d8\" data-element_type=\"section\" data-e-type=\"section\">\n\t\t\t\t\t\t<div class=\"elementor-container elementor-column-gap-default\">\n\t\t\t\t\t<div class=\"elementor-column elementor-col-100 elementor-top-column elementor-element elementor-element-7dfd77c\" data-id=\"7dfd77c\" data-element_type=\"column\" data-e-type=\"column\">\n\t\t\t<div class=\"elementor-widget-wrap elementor-element-populated\">\n\t\t\t\t\t\t<div class=\"elementor-element elementor-element-42301ab elementor-widget elementor-widget-text-editor\" data-id=\"42301ab\" data-element_type=\"widget\" data-e-type=\"widget\" data-widget_type=\"text-editor.default\">\n\t\t\t\t<div class=\"elementor-widget-container\">\n\t\t\t\t\t\t\t\t\t<p><strong>\u00a0<\/strong><\/p><ol><li><strong> Pre\u00e1mbulo<\/strong><\/li><li>Las presentes condiciones de uso (en lo sucesivo, &#8220;Condiciones&#8221;) rigen el acceso y la consulta del sitio web www.adiuvet.com (en lo sucesivo, &#8220;Sitio&#8221;) y se aplican a su contenido.<\/li><li>Las relaciones con los usuarios se rigen, adem\u00e1s de por las condiciones presentes, por las condiciones generales de venta\/prestaci\u00f3n de servicios (https:\/\/www.adiuvet.com\/es\/condiciones-generales-suministro-venta\/), la pol\u00edtica de privacidad (https:\/\/www.adiuvet.com\/es\/privacidad-politica\/) y la pol\u00edtica de cookies (https:\/\/www.adiuvet.com\/es\/cookie-policy-ue\/).<\/li><li>Al utilizar el Sitio, el Usuario confirma que ha le\u00eddo, comprendido y aceptado las presentes Condiciones y cualquier modificaci\u00f3n de las mismas.<\/li><\/ol><p><strong>\u00a0<\/strong><\/p><ol start=\"2\"><li><strong> Informaci\u00f3n general sobre el proveedor<\/strong><\/li><li>El Sitio Web est\u00e1 administrado por People Lab srl (Proveedor), con domicilio en Mil\u00e1n, Via Oldofredi 4, Italia, P.IVA 04212840963.<\/li><li>Puede ponerse en contacto con el Proveedor en la direcci\u00f3n de correo electr\u00f3nico support@adiuvet.com.<\/li><\/ol><p><strong>\u00a0<\/strong><\/p><ol start=\"3\"><li><strong> Navegaci\u00f3n por el sitio y posible registro<\/strong><\/li><li>Los usuarios pueden navegar y acceder a los servicios del Sitio siguiendo las normas indicadas en cada una de las secciones del propio sitio web.<\/li><li>En caso de que el Usuario deba registrarse, deber\u00e1 hacerlo rellenando el formulario correspondiente y comunicando los datos solicitados (a t\u00edtulo ilustrativo pero no limitativo, nombre y raz\u00f3n social, domicilio social, n\u00famero de tel\u00e9fono y direcci\u00f3n de correo electr\u00f3nico).<\/li><li>Las credenciales de acceso que puedan ser generadas en el momento del registro a que se refiere el punto anterior ser\u00e1n conservadas por el usuario bajo su plena responsabilidad.<\/li><\/ol><p>\u00a0<\/p><ol start=\"4\"><li><strong> Acceso al sitio<\/strong><\/li><li>El acceso al Sitio lo realiza el Usuario bajo su plena responsabilidad y el Proveedor no se hace responsable de los da\u00f1os causados por problemas de acceso.<\/li><li>Adem\u00e1s, el Proveedor se reserva el derecho de interrumpir el acceso en cualquier momento y por cualquier motivo, incluido el mal funcionamiento, ya sea temporal o permanentemente, advirti\u00e9ndolo mediante un aviso publicado en la p\u00e1gina de inicio del Sitio.<\/li><\/ol><p>\u00a0<\/p><ol start=\"5\"><li><strong> Protecci\u00f3n de los derechos de autor y de propiedad intelectual<\/strong><\/li><li>El Sitio y todos los datos, contenidos textuales y elementos multimedia -tales como im\u00e1genes, fotograf\u00edas, archivos de v\u00eddeo y audio-, as\u00ed como el software de gesti\u00f3n que lo subyace (incluido el algoritmo de funcionamiento, el M\u00e9todo Adiuvet y los contenidos generados a trav\u00e9s del mismo, como a t\u00edtulo enunciativo, pero no limitativo, informes, modelos y planes de tratamiento) son propiedad intelectual, propiedad exclusiva del Proveedor, y como tal est\u00e1n tutelados por el C\u00f3digo de la Propiedad Industrial e Intelectual (Decreto Legislativo italiano n\u00ba 30\/2005), la Ley italiana sobre la protecci\u00f3n de los derechos de autor y otros derechos relacionados con su uso (Ley italiana 633\/1941 y Ley italiana 633\/1941 y Ley italiana 633\/1941). Decreto Legislativo n\u00ba 30\/2005), por la Ley italiana sobre la protecci\u00f3n de los derechos de autor y otros derechos relacionados con su uso (Ley n\u00ba 633\/1941 y modificaciones sucesivas), por las disposiciones del C\u00f3digo Penal, por las normas contenidas en los tratados internacionales, as\u00ed como por las leyes vigentes en el pa\u00eds en el que se utiliza.<\/li><li>La informaci\u00f3n textual y los elementos multimedia -y, en general, todo el contenido del Sitio-, as\u00ed como el dise\u00f1o, los gr\u00e1ficos y la disposici\u00f3n tecnol\u00f3gica y operativa, son propiedad del Proveedor o de terceros de los que el Proveedor ha obtenido el derecho a utilizarlos.<\/li><li>El Usuario est\u00e1 obligado, por tanto, a respetar los derechos de propiedad intelectual del Proveedor y\/o de terceros.<\/li><li>Queda prohibida la utilizaci\u00f3n, reproducci\u00f3n, extracci\u00f3n de copias, distribuci\u00f3n de informaci\u00f3n textual y elementos multimedia del Sitio, as\u00ed como de enlaces de hipertexto a <a href=\"https:\/\/www.adiuvet.com\/\">adiuvet.com<\/a> .<\/li><li>Dichas actividades est\u00e1n sujetas a la autorizaci\u00f3n previa del Proveedor o del tercero titular de los derechos de propiedad intelectual. Es responsabilidad del Usuario asegurarse de la titularidad de estos derechos.<\/li><li>Adiuvet es una marca comercial registrada del Proveedor y, por lo tanto, cualquier uso de la misma sin el consentimiento previo por escrito del Proveedor est\u00e1 prohibido.<\/li><li><a href=\"https:\/\/www.adiuvet.com\/\">adiuvet.com<\/a>, <a href=\"http:\/\/www.adiuvet.uk\">www.adiuvet.uk<\/a>, <a href=\"http:\/\/www.adiuvet.cloud\">www.adiuvet.cloud<\/a> , <a href=\"http:\/\/www.adiuvet.es\">www.adiuvet.es<\/a> y <a href=\"http:\/\/www.adiuvet.it\">www.adiuvet.it<\/a> son dominios registrados por el Proveedor, por lo que queda prohibida su utilizaci\u00f3n por terceros no autorizados.<\/li><li>La marca comercial registrada Adiuvet y todas las dem\u00e1s marcas presentes en los sitios web <a href=\"https:\/\/www.adiuvet.com\/\">adiuvet.com<\/a> (y en los dem\u00e1s dominios indicados anteriormente) son propiedad en exclusiva de People Lab srl y cualquier uso por parte de terceros est\u00e1 prohibido.<\/li><\/ol><p>\u00a0<\/p><ol start=\"6\"><li><strong> Exclusi\u00f3n de responsabilidad<\/strong><\/li><li>El Proveedor no se hace responsable de los da\u00f1os causados por virus y programas maliciosos, errores, eliminaciones, problemas de red, robo, acceso no autorizado y alteraci\u00f3n de datos, independientemente de sus propias acciones.<\/li><li>Asimismo, el Proveedor no se hace responsable de ninguna reclamaci\u00f3n del Usuario en relaci\u00f3n con la imposibilidad de acceder y utilizar el Sitio por cualquier motivo.<\/li><li>Adem\u00e1s, el Proveedor no se hace responsable de los da\u00f1os, reclamaciones o p\u00e9rdidas causados al Usuario como consecuencia del fallo y\/o mal funcionamiento de los sistemas inform\u00e1ticos del Usuario o de terceros, incluidos los Proveedores de Servicios de Internet, conexiones telef\u00f3nicas y\/o telem\u00e1ticas no gestionadas directamente por el Proveedor o por personas de las que el Proveedor sea responsable.<\/li><li>El Proveedor no se hace responsable de la violaci\u00f3n de los derechos de la propiedad intelectual cometida por terceros a trav\u00e9s del Sitio.<\/li><\/ol><p>\u00a0<\/p><ol start=\"7\"><li><strong> Servicio de boletines<\/strong><\/li><li>Una vez implementado y activado, el Usuario podr\u00e1 utilizar el servicio de bolet\u00edn de noticias introduciendo su direcci\u00f3n de correo electr\u00f3nico en el formulario previsto a tal efecto.<\/li><li>El servicio de bolet\u00edn informativo es opcional y gratuito, y los datos se recogen y procesan respetando \u00edntegramente la normativa sobre privacidad, tal y como se establece en la pol\u00edtica de privacidad disponible en el siguiente enlace https:\/\/www.adiuvet.com\/es\/privacidad-politica\/.<\/li><li>El Usuario podr\u00e1 darse de baja del servicio en cualquier momento seleccionando la opci\u00f3n &#8220;Darse de baja&#8221; presente en cada correo electr\u00f3nico.<\/li><\/ol><p>\u00a0<\/p><ol start=\"8\"><li><strong> Protecci\u00f3n de datos personales<\/strong><\/li><li>El Proveedor se compromete a procesar los datos personales recogidos para el registro del cliente de conformidad con la legislaci\u00f3n para la protecci\u00f3n de datos personales (GDPR y TU 196\/03 en su versi\u00f3n modificada por el decreto legislativo 101\/18) y para los fines y en la forma mejor detallada en la informaci\u00f3n proporcionada conforme al Art. 13 Reg. 679\/16 UE disponible en el siguiente enlace https:\/\/www.adiuvet.com\/es\/privacidad-politica\/.<\/li><\/ol><p><strong>\u00a0<\/strong><\/p><ol start=\"9\"><li><strong> Legislaci\u00f3n aplicable y tribunal competente<\/strong><\/li><li>La relaci\u00f3n establecida tras el registro en el Sitio se rige por la legislaci\u00f3n italiana.<\/li><li>Para cualquier controversia relativa a la relaci\u00f3n contractual establecida entre el Proveedor y el Usuario se acuerda que el Tribunal de Mil\u00e1n tendr\u00e1 competencia exclusiva, tambi\u00e9n por la derogaci\u00f3n de las disposiciones sobre jurisdicci\u00f3n territorial.<\/li><\/ol>\t\t\t\t\t\t\t\t<\/div>\n\t\t\t\t<\/div>\n\t\t\t\t\t<\/div>\n\t\t<\/div>\n\t\t\t\t\t<\/div>\n\t\t<\/section>\n\t\t\t\t<\/div>\n\t\t","protected":false},"excerpt":{"rendered":"<p>\u00a0 Pre\u00e1mbulo Las presentes condiciones de uso (en lo sucesivo, &#8220;Condiciones&#8221;) rigen el acceso y la consulta del sitio web www.adiuvet.com (en lo sucesivo, &#8220;Sitio&#8221;) y se aplican a su contenido. Las relaciones con los usuarios se rigen, adem\u00e1s de &hellip; <a href=\"https:\/\/www.adiuvet.com\/es\/condiciones-de-uso\/\">Read More<\/a><\/p>\n","protected":false},"author":0,"featured_media":0,"parent":0,"menu_order":0,"comment_status":"closed","ping_status":"closed","template":"","meta":{"footnotes":""},"class_list":["post-5663","page","type-page","status-publish","hentry"],"yoast_head":"<!-- This site is optimized with the Yoast SEO plugin v27.2 - https:\/\/yoast.com\/product\/yoast-seo-wordpress\/ -->\n<title>Condiciones de uso | Adiuvet<\/title>\n<meta name=\"robots\" content=\"index, follow, max-snippet:-1, max-image-preview:large, max-video-preview:-1\" \/>\n<link rel=\"canonical\" href=\"https:\/\/www.adiuvet.com\/es\/condiciones-de-uso\/\" \/>\n<meta property=\"og:locale\" content=\"es_ES\" \/>\n<meta property=\"og:type\" content=\"article\" \/>\n<meta property=\"og:title\" content=\"Condiciones de uso | Adiuvet\" \/>\n<meta property=\"og:description\" content=\"\u00a0 Pre\u00e1mbulo Las presentes condiciones de uso (en lo sucesivo, &#8220;Condiciones&#8221;) rigen el acceso y la consulta del sitio web www.adiuvet.com (en lo sucesivo, &#8220;Sitio&#8221;) y se aplican a su contenido. Las relaciones con los usuarios se rigen, adem\u00e1s de &hellip; Read More\" \/>\n<meta property=\"og:url\" content=\"https:\/\/www.adiuvet.com\/es\/condiciones-de-uso\/\" \/>\n<meta property=\"og:site_name\" content=\"Adiuvet\" \/>\n<meta property=\"article:modified_time\" content=\"2023-01-16T13:32:02+00:00\" \/>\n<meta name=\"twitter:card\" content=\"summary_large_image\" \/>\n<meta name=\"twitter:label1\" content=\"Tiempo de lectura\" \/>\n\t<meta name=\"twitter:data1\" content=\"5 minutos\" \/>\n<script type=\"application\/ld+json\" class=\"yoast-schema-graph\">{\"@context\":\"https:\/\/schema.org\",\"@graph\":[{\"@type\":\"WebPage\",\"@id\":\"https:\/\/www.adiuvet.com\/es\/condiciones-de-uso\/\",\"url\":\"https:\/\/www.adiuvet.com\/es\/condiciones-de-uso\/\",\"name\":\"Condiciones de uso | Adiuvet\",\"isPartOf\":{\"@id\":\"https:\/\/www.adiuvet.com\/es\/#website\"},\"datePublished\":\"2022-10-04T12:49:51+00:00\",\"dateModified\":\"2023-01-16T13:32:02+00:00\",\"breadcrumb\":{\"@id\":\"https:\/\/www.adiuvet.com\/es\/condiciones-de-uso\/#breadcrumb\"},\"inLanguage\":\"es\",\"potentialAction\":[{\"@type\":\"ReadAction\",\"target\":[\"https:\/\/www.adiuvet.com\/es\/condiciones-de-uso\/\"]}]},{\"@type\":\"BreadcrumbList\",\"@id\":\"https:\/\/www.adiuvet.com\/es\/condiciones-de-uso\/#breadcrumb\",\"itemListElement\":[{\"@type\":\"ListItem\",\"position\":1,\"name\":\"Home\",\"item\":\"https:\/\/www.adiuvet.com\/es\/\"},{\"@type\":\"ListItem\",\"position\":2,\"name\":\"Condiciones de uso\"}]},{\"@type\":\"WebSite\",\"@id\":\"https:\/\/www.adiuvet.com\/es\/#website\",\"url\":\"https:\/\/www.adiuvet.com\/es\/\",\"name\":\"Adiuvet\",\"description\":\"Arricchisci il tuo business nella veterinaria\",\"publisher\":{\"@id\":\"https:\/\/www.adiuvet.com\/es\/#organization\"},\"potentialAction\":[{\"@type\":\"SearchAction\",\"target\":{\"@type\":\"EntryPoint\",\"urlTemplate\":\"https:\/\/www.adiuvet.com\/es\/?s={search_term_string}\"},\"query-input\":{\"@type\":\"PropertyValueSpecification\",\"valueRequired\":true,\"valueName\":\"search_term_string\"}}],\"inLanguage\":\"es\"},{\"@type\":\"Organization\",\"@id\":\"https:\/\/www.adiuvet.com\/es\/#organization\",\"name\":\"Adiuvet\",\"url\":\"https:\/\/www.adiuvet.com\/es\/\",\"logo\":{\"@type\":\"ImageObject\",\"inLanguage\":\"es\",\"@id\":\"https:\/\/www.adiuvet.com\/es\/#\/schema\/logo\/image\/\",\"url\":\"https:\/\/www.adiuvet.com\/wp-content\/uploads\/2022\/07\/logo_adiuvet.svg\",\"contentUrl\":\"https:\/\/www.adiuvet.com\/wp-content\/uploads\/2022\/07\/logo_adiuvet.svg\",\"width\":100,\"height\":100,\"caption\":\"Adiuvet\"},\"image\":{\"@id\":\"https:\/\/www.adiuvet.com\/es\/#\/schema\/logo\/image\/\"},\"sameAs\":[\"https:\/\/www.youtube.com\/@Adiuvet\"]}]}<\/script>\n<!-- \/ Yoast SEO plugin. -->","yoast_head_json":{"title":"Condiciones de uso | Adiuvet","robots":{"index":"index","follow":"follow","max-snippet":"max-snippet:-1","max-image-preview":"max-image-preview:large","max-video-preview":"max-video-preview:-1"},"canonical":"https:\/\/www.adiuvet.com\/es\/condiciones-de-uso\/","og_locale":"es_ES","og_type":"article","og_title":"Condiciones de uso | Adiuvet","og_description":"\u00a0 Pre\u00e1mbulo Las presentes condiciones de uso (en lo sucesivo, &#8220;Condiciones&#8221;) rigen el acceso y la consulta del sitio web www.adiuvet.com (en lo sucesivo, &#8220;Sitio&#8221;) y se aplican a su contenido. Las relaciones con los usuarios se rigen, adem\u00e1s de &hellip; Read More","og_url":"https:\/\/www.adiuvet.com\/es\/condiciones-de-uso\/","og_site_name":"Adiuvet","article_modified_time":"2023-01-16T13:32:02+00:00","twitter_card":"summary_large_image","twitter_misc":{"Tiempo de lectura":"5 minutos"},"schema":{"@context":"https:\/\/schema.org","@graph":[{"@type":"WebPage","@id":"https:\/\/www.adiuvet.com\/es\/condiciones-de-uso\/","url":"https:\/\/www.adiuvet.com\/es\/condiciones-de-uso\/","name":"Condiciones de uso | Adiuvet","isPartOf":{"@id":"https:\/\/www.adiuvet.com\/es\/#website"},"datePublished":"2022-10-04T12:49:51+00:00","dateModified":"2023-01-16T13:32:02+00:00","breadcrumb":{"@id":"https:\/\/www.adiuvet.com\/es\/condiciones-de-uso\/#breadcrumb"},"inLanguage":"es","potentialAction":[{"@type":"ReadAction","target":["https:\/\/www.adiuvet.com\/es\/condiciones-de-uso\/"]}]},{"@type":"BreadcrumbList","@id":"https:\/\/www.adiuvet.com\/es\/condiciones-de-uso\/#breadcrumb","itemListElement":[{"@type":"ListItem","position":1,"name":"Home","item":"https:\/\/www.adiuvet.com\/es\/"},{"@type":"ListItem","position":2,"name":"Condiciones de uso"}]},{"@type":"WebSite","@id":"https:\/\/www.adiuvet.com\/es\/#website","url":"https:\/\/www.adiuvet.com\/es\/","name":"Adiuvet","description":"Arricchisci il tuo business nella veterinaria","publisher":{"@id":"https:\/\/www.adiuvet.com\/es\/#organization"},"potentialAction":[{"@type":"SearchAction","target":{"@type":"EntryPoint","urlTemplate":"https:\/\/www.adiuvet.com\/es\/?s={search_term_string}"},"query-input":{"@type":"PropertyValueSpecification","valueRequired":true,"valueName":"search_term_string"}}],"inLanguage":"es"},{"@type":"Organization","@id":"https:\/\/www.adiuvet.com\/es\/#organization","name":"Adiuvet","url":"https:\/\/www.adiuvet.com\/es\/","logo":{"@type":"ImageObject","inLanguage":"es","@id":"https:\/\/www.adiuvet.com\/es\/#\/schema\/logo\/image\/","url":"https:\/\/www.adiuvet.com\/wp-content\/uploads\/2022\/07\/logo_adiuvet.svg","contentUrl":"https:\/\/www.adiuvet.com\/wp-content\/uploads\/2022\/07\/logo_adiuvet.svg","width":100,"height":100,"caption":"Adiuvet"},"image":{"@id":"https:\/\/www.adiuvet.com\/es\/#\/schema\/logo\/image\/"},"sameAs":["https:\/\/www.youtube.com\/@Adiuvet"]}]}},"_links":{"self":[{"href":"https:\/\/www.adiuvet.com\/es\/wp-json\/wp\/v2\/pages\/5663","targetHints":{"allow":["GET"]}}],"collection":[{"href":"https:\/\/www.adiuvet.com\/es\/wp-json\/wp\/v2\/pages"}],"about":[{"href":"https:\/\/www.adiuvet.com\/es\/wp-json\/wp\/v2\/types\/page"}],"replies":[{"embeddable":true,"href":"https:\/\/www.adiuvet.com\/es\/wp-json\/wp\/v2\/comments?post=5663"}],"version-history":[{"count":0,"href":"https:\/\/www.adiuvet.com\/es\/wp-json\/wp\/v2\/pages\/5663\/revisions"}],"wp:attachment":[{"href":"https:\/\/www.adiuvet.com\/es\/wp-json\/wp\/v2\/media?parent=5663"}],"curies":[{"name":"wp","href":"https:\/\/api.w.org\/{rel}","templated":true}]}}