{"id":6639,"date":"2022-06-14T17:38:01","date_gmt":"2022-06-14T15:38:01","guid":{"rendered":"https:\/\/testwww.adiuvet.com\/politica-de-privacidad\/"},"modified":"2023-01-16T14:23:50","modified_gmt":"2023-01-16T13:23:50","slug":"politica-de-privacidad","status":"publish","type":"page","link":"https:\/\/www.adiuvet.com\/es\/privacidad-politica\/","title":{"rendered":"Pol\u00edtica de Privacidad"},"content":{"rendered":"\t\t<div data-elementor-type=\"wp-page\" data-elementor-id=\"6639\" class=\"elementor elementor-6639 elementor-3\" data-elementor-post-type=\"page\">\n\t\t\t\t\t\t<section class=\"elementor-section elementor-top-section elementor-element elementor-element-6ecaacc3 elementor-section-boxed elementor-section-height-default elementor-section-height-default\" data-id=\"6ecaacc3\" data-element_type=\"section\" data-e-type=\"section\">\n\t\t\t\t\t\t<div class=\"elementor-container elementor-column-gap-default\">\n\t\t\t\t\t<div class=\"elementor-column elementor-col-100 elementor-top-column elementor-element elementor-element-39dd6b40\" data-id=\"39dd6b40\" data-element_type=\"column\" data-e-type=\"column\">\n\t\t\t<div class=\"elementor-widget-wrap elementor-element-populated\">\n\t\t\t\t\t\t<div class=\"elementor-element elementor-element-50e2c06c elementor-widget elementor-widget-text-editor\" data-id=\"50e2c06c\" data-element_type=\"widget\" data-e-type=\"widget\" data-widget_type=\"text-editor.default\">\n\t\t\t\t<div class=\"elementor-widget-container\">\n\t\t\t\t\t\t\t\t\t<p><strong>Informaci\u00f3n sobre el tratamiento de datos personales de conformidad con el art. 13 del Reglamento europeo 2016\/679<\/strong><\/p><p>Seguidamente se informa sobre el tratamiento de los datos de car\u00e1cter personal de los usuarios que navegan por el sitio web <a href=\"https:\/\/www.adiuvet.com\/\">www.adiuvet.com <\/a>(en adelante, el Sitio) y hacen uso de los servicios que este ofrece, previsto en el art\u00edculo 13 del Reglamento UE 2016\/679 y a los efectos del mismo.<\/p><p>\u00a0<\/p><p><strong>1.\u00a0 Responsable del tratamiento<\/strong><\/p><p>El responsable del tratamiento de los datos es People Lab srl, CIF 04212840963, con domicilio social en Mil\u00e1n Oldofredi, 45, Italia, direcci\u00f3n de correo electr\u00f3nico <a href=\"mailto:support@adiuvet.com\">support@adiuvet.com,<\/a> direcci\u00f3n pec <a href=\"mailto:l.mattiello@pec.peoplelab.it\">l.mattiello@pec.peoplelab.it.<\/a><\/p><p>\u00a0<\/p><p><strong>2.\u00a0 El interesado<\/strong><\/p><p>El interesado es un usuario que visita el Sitio por motivos profesionales.<\/p><p>\u00a0<\/p><p><strong>3.\u00a0 Datos personales<\/strong><\/p><p>Para navegar por el sitio y utilizar los servicios ofrecidos por el mismo, el interesado deber\u00e1 comunicar los siguientes datos personales:<\/p><ul><li>Nombre, apellidos y direcci\u00f3n\/localizaci\u00f3n;<\/li><li>N\u00famero de tel\u00e9fono<\/li><li>Correo electr\u00f3nico<\/li><li>Datos de pago\/facturaci\u00f3n<\/li><\/ul><p><strong>4.\u00a0 Finalidad del tratamiento de datos<\/strong><\/p><p>El tratamiento de datos personales tiene por finalidad el cumplimiento de obligaciones precontractuales y contractuales. M\u00e1s en detalle, los datos personales se procesar\u00e1n para:<\/p><ul><li>gesti\u00f3n de la fase precontractual y establecimiento\/ejecuci\u00f3n de la relaci\u00f3n contractual con los interesados;<\/li><li>gesti\u00f3n fiscal y contable de la relaci\u00f3n contractual;<\/li><li>promoci\u00f3n de las actividades de la empresa, satisfacci\u00f3n de los clientes y fidelizaci\u00f3n de la clientela;<\/li><li>elaboraci\u00f3n de perfiles para el env\u00edo de comunicaciones personalizadas;<\/li><li>servicio de boletines.<\/li><\/ul><p>Los datos personales podr\u00e1n procesarse mediante archivos impresos e inform\u00e1ticos, y procesarse de la forma totalmente necesaria para cumplir los fines indicados previamente.<br \/><br \/><strong>5.\u00a0 Base jur\u00eddica del tratamiento<\/strong><\/p><ul><li>La base del tratamiento para la finalidad mencionada en el punto 4.1 es la ejecuci\u00f3n del contrato entre las partes (Art. 6, co.1, lett. b) EU Reg. 2016\/679).<\/li><li>La base del tratamiento para la finalidad mencionada en el punto 4.2 est\u00e1 representada por el cumplimiento de una obligaci\u00f3n legal a la que est\u00e1 sujeto el Responsable del tratamiento (art. 6, 1, lett. c) Reg. UE 2016\/679).<\/li><li>La base del procesamiento para los fines mencionados en e 4.3 est\u00e1 representada por el inter\u00e9s leg\u00edtimo del Controlador de Datos o de terceros (Art. 6, 1, lett. f) EU Reg. 2016\/679).<\/li><li>La base del tratamiento para los fines mencionados en los puntos 4.4 y 4.5 est\u00e1 representada por el consentimiento del interesado (Art. 6, co.1, a) EU Reg. 2016\/679).<\/li><\/ul><p><strong>6.\u00a0 Consecuencias de la no comunicaci\u00f3n de datos personales<\/strong><\/p><p>Por lo que respecta a los datos personales relativos a la realizaci\u00f3n de un contrato en el que el interesado es parte o relativos al cumplimiento de una obligaci\u00f3n legal, la no comunicaci\u00f3n de los datos personales no permite la finalizaci\u00f3n de la propia relaci\u00f3n contractual.<\/p><p>\u00a0<\/p><p><strong>7.\u00a0 Conservaci\u00f3n de datos<\/strong><\/p><p>Los datos personales tratados para los fines indicados en el punto 3 se mantendr\u00e1n durante la vigencia del contrato y, posteriormente, mientras el responsable del tratamiento est\u00e9 sujeto a obligaciones de conservaci\u00f3n para fines fiscales o para otros fines previstos por la ley o la normativa. En particular, los datos se conservar\u00e1n durante el plazo de diez a\u00f1os establecido para la conservaci\u00f3n de documentos pertinentes a fines contables, fiscales y de lucha contra el blanqueo de capitales, de conformidad con lo dispuesto en la normativa pertinente.<\/p><p>\u00a0<\/p><p><strong>8.\u00a0 Transmisi\u00f3n de datos<\/strong><\/p><p>Los datos del interesado ser\u00e1n transmitidos y tratados por empleados autorizados a tal fin por el responsable del tratamiento (personas de contacto y responsables\/autorizados para el tratamiento).<\/p><p>En funci\u00f3n de lo que sea indispensable para la ejecuci\u00f3n del contrato, los datos personales podr\u00e1n ser comunicados a:<\/p><ul><li>Oficina del contable<\/li><li>Despacho de abogados<\/li><li>Entidades de cr\u00e9dito<\/li><li>Autoridad de Seguridad P\u00fablica \/ Autoridad Judicial o compa\u00f1\u00eda de seguros, as\u00ed como terceros autorizados por disposiciones legales o reglamentarias espec\u00edficas previstas por el Derecho de la Uni\u00f3n Europea o del Estado miembro al que est\u00e9 sujeto el Responsable del<\/li><\/ul><p>Los datos tambi\u00e9n podr\u00e1n ser conocidos por otros Responsables aut\u00f3nomos y por Encargados y\/o Subencargados externos nombrados por el Responsable del Tratamiento.<\/p><p>\u00a0<\/p><p><strong>9.\u00a0 Transmisi\u00f3n de datos a terceros pa\u00edses<\/strong><\/p><p>El responsable del tratamiento no transferir\u00e1 los datos a terceros pa\u00edses ni a organizaciones internacionales.<\/p><p>\u00a0<\/p><p><strong>10. Derechos del interesado<\/strong><\/p><p>El interesado tiene derecho a:<\/p><ul><li>solicitar el acceso a los datos personales y a la informaci\u00f3n relativa a los mismos; la correcci\u00f3n de los datos inexactos o la integraci\u00f3n de los datos incompletos; la cancelaci\u00f3n de los datos personales (cuando se d\u00e9 una de las condiciones indicadas en el art\u00edculo 17, apartado 1, del RGPD y en cumplimiento de las excepciones previstas en el apartado 3 del mismo art\u00edculo); la limitaci\u00f3n del tratamiento de los datos personales (cuando se d\u00e9 una de las hip\u00f3tesis indicadas en el art\u00edculo 18, apartado 1, del RGPD);<\/li><li>solicitar y obtener -cuando la base jur\u00eddica del tratamiento es un contrato o el consentimiento, y el tratamiento se lleva a cabo por medios automatizados- los datos personales en un formato estructurado y legible por m\u00e1quina, tambi\u00e9n con el fin de comunicar dichos datos a otro responsable del tratamiento;<\/li><li>oponerse en cualquier momento al tratamiento de los datos personales en caso de situaciones especiales que afecten al interesado;<\/li><li>retirar el consentimiento en cualquier momento, limitado a los casos en que el tratamiento se base en el mismo para uno o varios fines espec\u00edficos y se refiera a datos personales comunes (por ejemplo, fecha y lugar de nacimiento o lugar de residencia), o a categor\u00edas espec\u00edficas de datos (por ejemplo, datos que revelen el origen racial, las opiniones pol\u00edticas, las creencias religiosas, la salud o la vida sexual). El tratamiento basado en el consentimiento y realizado antes de su revocaci\u00f3n, sin embargo, conserva su licitud;<\/li><li>presentar una reclamaci\u00f3n ante una autoridad de<\/li><\/ul><p>Los derechos mencionados podr\u00e1n ejercerse escribiendo a la direcci\u00f3n de correo electr\u00f3nico: <a href=\"mailto:support@adiuvet.com\">support@adiuvet.com.<\/a><\/p>\t\t\t\t\t\t\t\t<\/div>\n\t\t\t\t<\/div>\n\t\t\t\t\t<\/div>\n\t\t<\/div>\n\t\t\t\t\t<\/div>\n\t\t<\/section>\n\t\t\t\t<\/div>\n\t\t","protected":false},"excerpt":{"rendered":"<p>Informaci\u00f3n sobre el tratamiento de datos personales de conformidad con el art. 13 del Reglamento europeo 2016\/679 Seguidamente se informa sobre el tratamiento de los datos de car\u00e1cter personal de los usuarios que navegan por el sitio web www.adiuvet.com (en &hellip; <a href=\"https:\/\/www.adiuvet.com\/es\/privacidad-politica\/\">Read More<\/a><\/p>\n","protected":false},"author":0,"featured_media":0,"parent":0,"menu_order":0,"comment_status":"closed","ping_status":"closed","template":"","meta":{"footnotes":""},"class_list":["post-6639","page","type-page","status-publish","hentry"],"yoast_head":"<!-- This site is optimized with the Yoast SEO plugin v27.2 - https:\/\/yoast.com\/product\/yoast-seo-wordpress\/ -->\n<title>Pol\u00edtica de Privacidad | Adiuvet<\/title>\n<meta name=\"robots\" content=\"index, follow, max-snippet:-1, max-image-preview:large, max-video-preview:-1\" \/>\n<link rel=\"canonical\" href=\"https:\/\/www.adiuvet.com\/es\/privacidad-politica\/\" \/>\n<meta property=\"og:locale\" content=\"es_ES\" \/>\n<meta property=\"og:type\" content=\"article\" \/>\n<meta property=\"og:title\" content=\"Pol\u00edtica de Privacidad | Adiuvet\" \/>\n<meta property=\"og:description\" content=\"Informaci\u00f3n sobre el tratamiento de datos personales de conformidad con el art. 13 del Reglamento europeo 2016\/679 Seguidamente se informa sobre el tratamiento de los datos de car\u00e1cter personal de los usuarios que navegan por el sitio web www.adiuvet.com (en &hellip; Read More\" \/>\n<meta property=\"og:url\" content=\"https:\/\/www.adiuvet.com\/es\/privacidad-politica\/\" \/>\n<meta property=\"og:site_name\" content=\"Adiuvet\" \/>\n<meta property=\"article:modified_time\" content=\"2023-01-16T13:23:50+00:00\" \/>\n<meta name=\"twitter:card\" content=\"summary_large_image\" \/>\n<meta name=\"twitter:label1\" content=\"Tiempo de lectura\" \/>\n\t<meta name=\"twitter:data1\" content=\"5 minutos\" \/>\n<script type=\"application\/ld+json\" class=\"yoast-schema-graph\">{\"@context\":\"https:\/\/schema.org\",\"@graph\":[{\"@type\":\"WebPage\",\"@id\":\"https:\/\/www.adiuvet.com\/es\/privacidad-politica\/\",\"url\":\"https:\/\/www.adiuvet.com\/es\/privacidad-politica\/\",\"name\":\"Pol\u00edtica de Privacidad | Adiuvet\",\"isPartOf\":{\"@id\":\"https:\/\/www.adiuvet.com\/es\/#website\"},\"datePublished\":\"2022-06-14T15:38:01+00:00\",\"dateModified\":\"2023-01-16T13:23:50+00:00\",\"breadcrumb\":{\"@id\":\"https:\/\/www.adiuvet.com\/es\/privacidad-politica\/#breadcrumb\"},\"inLanguage\":\"es\",\"potentialAction\":[{\"@type\":\"ReadAction\",\"target\":[\"https:\/\/www.adiuvet.com\/es\/privacidad-politica\/\"]}]},{\"@type\":\"BreadcrumbList\",\"@id\":\"https:\/\/www.adiuvet.com\/es\/privacidad-politica\/#breadcrumb\",\"itemListElement\":[{\"@type\":\"ListItem\",\"position\":1,\"name\":\"Home\",\"item\":\"https:\/\/www.adiuvet.com\/es\/\"},{\"@type\":\"ListItem\",\"position\":2,\"name\":\"Pol\u00edtica de Privacidad\"}]},{\"@type\":\"WebSite\",\"@id\":\"https:\/\/www.adiuvet.com\/es\/#website\",\"url\":\"https:\/\/www.adiuvet.com\/es\/\",\"name\":\"Adiuvet\",\"description\":\"Arricchisci il tuo business nella veterinaria\",\"publisher\":{\"@id\":\"https:\/\/www.adiuvet.com\/es\/#organization\"},\"potentialAction\":[{\"@type\":\"SearchAction\",\"target\":{\"@type\":\"EntryPoint\",\"urlTemplate\":\"https:\/\/www.adiuvet.com\/es\/?s={search_term_string}\"},\"query-input\":{\"@type\":\"PropertyValueSpecification\",\"valueRequired\":true,\"valueName\":\"search_term_string\"}}],\"inLanguage\":\"es\"},{\"@type\":\"Organization\",\"@id\":\"https:\/\/www.adiuvet.com\/es\/#organization\",\"name\":\"Adiuvet\",\"url\":\"https:\/\/www.adiuvet.com\/es\/\",\"logo\":{\"@type\":\"ImageObject\",\"inLanguage\":\"es\",\"@id\":\"https:\/\/www.adiuvet.com\/es\/#\/schema\/logo\/image\/\",\"url\":\"https:\/\/www.adiuvet.com\/wp-content\/uploads\/2022\/07\/logo_adiuvet.svg\",\"contentUrl\":\"https:\/\/www.adiuvet.com\/wp-content\/uploads\/2022\/07\/logo_adiuvet.svg\",\"width\":100,\"height\":100,\"caption\":\"Adiuvet\"},\"image\":{\"@id\":\"https:\/\/www.adiuvet.com\/es\/#\/schema\/logo\/image\/\"},\"sameAs\":[\"https:\/\/www.youtube.com\/@Adiuvet\"]}]}<\/script>\n<!-- \/ Yoast SEO plugin. -->","yoast_head_json":{"title":"Pol\u00edtica de Privacidad | Adiuvet","robots":{"index":"index","follow":"follow","max-snippet":"max-snippet:-1","max-image-preview":"max-image-preview:large","max-video-preview":"max-video-preview:-1"},"canonical":"https:\/\/www.adiuvet.com\/es\/privacidad-politica\/","og_locale":"es_ES","og_type":"article","og_title":"Pol\u00edtica de Privacidad | Adiuvet","og_description":"Informaci\u00f3n sobre el tratamiento de datos personales de conformidad con el art. 13 del Reglamento europeo 2016\/679 Seguidamente se informa sobre el tratamiento de los datos de car\u00e1cter personal de los usuarios que navegan por el sitio web www.adiuvet.com (en &hellip; Read More","og_url":"https:\/\/www.adiuvet.com\/es\/privacidad-politica\/","og_site_name":"Adiuvet","article_modified_time":"2023-01-16T13:23:50+00:00","twitter_card":"summary_large_image","twitter_misc":{"Tiempo de lectura":"5 minutos"},"schema":{"@context":"https:\/\/schema.org","@graph":[{"@type":"WebPage","@id":"https:\/\/www.adiuvet.com\/es\/privacidad-politica\/","url":"https:\/\/www.adiuvet.com\/es\/privacidad-politica\/","name":"Pol\u00edtica de Privacidad | Adiuvet","isPartOf":{"@id":"https:\/\/www.adiuvet.com\/es\/#website"},"datePublished":"2022-06-14T15:38:01+00:00","dateModified":"2023-01-16T13:23:50+00:00","breadcrumb":{"@id":"https:\/\/www.adiuvet.com\/es\/privacidad-politica\/#breadcrumb"},"inLanguage":"es","potentialAction":[{"@type":"ReadAction","target":["https:\/\/www.adiuvet.com\/es\/privacidad-politica\/"]}]},{"@type":"BreadcrumbList","@id":"https:\/\/www.adiuvet.com\/es\/privacidad-politica\/#breadcrumb","itemListElement":[{"@type":"ListItem","position":1,"name":"Home","item":"https:\/\/www.adiuvet.com\/es\/"},{"@type":"ListItem","position":2,"name":"Pol\u00edtica de Privacidad"}]},{"@type":"WebSite","@id":"https:\/\/www.adiuvet.com\/es\/#website","url":"https:\/\/www.adiuvet.com\/es\/","name":"Adiuvet","description":"Arricchisci il tuo business nella veterinaria","publisher":{"@id":"https:\/\/www.adiuvet.com\/es\/#organization"},"potentialAction":[{"@type":"SearchAction","target":{"@type":"EntryPoint","urlTemplate":"https:\/\/www.adiuvet.com\/es\/?s={search_term_string}"},"query-input":{"@type":"PropertyValueSpecification","valueRequired":true,"valueName":"search_term_string"}}],"inLanguage":"es"},{"@type":"Organization","@id":"https:\/\/www.adiuvet.com\/es\/#organization","name":"Adiuvet","url":"https:\/\/www.adiuvet.com\/es\/","logo":{"@type":"ImageObject","inLanguage":"es","@id":"https:\/\/www.adiuvet.com\/es\/#\/schema\/logo\/image\/","url":"https:\/\/www.adiuvet.com\/wp-content\/uploads\/2022\/07\/logo_adiuvet.svg","contentUrl":"https:\/\/www.adiuvet.com\/wp-content\/uploads\/2022\/07\/logo_adiuvet.svg","width":100,"height":100,"caption":"Adiuvet"},"image":{"@id":"https:\/\/www.adiuvet.com\/es\/#\/schema\/logo\/image\/"},"sameAs":["https:\/\/www.youtube.com\/@Adiuvet"]}]}},"_links":{"self":[{"href":"https:\/\/www.adiuvet.com\/es\/wp-json\/wp\/v2\/pages\/6639","targetHints":{"allow":["GET"]}}],"collection":[{"href":"https:\/\/www.adiuvet.com\/es\/wp-json\/wp\/v2\/pages"}],"about":[{"href":"https:\/\/www.adiuvet.com\/es\/wp-json\/wp\/v2\/types\/page"}],"replies":[{"embeddable":true,"href":"https:\/\/www.adiuvet.com\/es\/wp-json\/wp\/v2\/comments?post=6639"}],"version-history":[{"count":0,"href":"https:\/\/www.adiuvet.com\/es\/wp-json\/wp\/v2\/pages\/6639\/revisions"}],"wp:attachment":[{"href":"https:\/\/www.adiuvet.com\/es\/wp-json\/wp\/v2\/media?parent=6639"}],"curies":[{"name":"wp","href":"https:\/\/api.w.org\/{rel}","templated":true}]}}