{"id":9008,"date":"2022-09-26T21:10:51","date_gmt":"2022-09-26T19:10:51","guid":{"rendered":"https:\/\/testwww.adiuvet.com\/prodotto\/sin%20categor\u00eda\/asistencia-tecnica\/"},"modified":"2024-03-03T13:28:24","modified_gmt":"2024-03-03T12:28:24","slug":"asistencia-tecnica","status":"publish","type":"product","link":"https:\/\/www.adiuvet.com\/es\/accesorios\/paquete-tecnica-asistencia\/","title":{"rendered":"Asistencia t\u00e9cnica"},"content":{"rendered":"<p>El m\u00e9todo Adiuvet es f\u00e1cil y muy intuitivo, y si te surgen dudas en nuestra web encontrar\u00e1sna una amplia documentaci\u00f3n junto con el canal de YouTube donde podr\u00e1s obtener todas las respuestas a tus preguntas.<br \/>\nPero si quieres un soporte personalizado, r\u00e1pido y dedicado que te responda en en 4 horas en horario comercial, compra tu paquete de soporte de 10 tickets.<br \/>\nA trav\u00e9s de un canal espec\u00edfico, responder\u00e1 un personal cualificado y experimentado.<\/p>\n<p>Nuestros t\u00e9cnicos te ayudar\u00e1n a utilizar las funciones con las que a\u00fan no est\u00e9s acostumbrado, explic\u00e1ndote c\u00f3mo funcionan o realizando algunas acciones est\u00e1ndar por ti.<br \/>\nAqu\u00ed tienes algunos ejemplos:<\/p>\n<ul>\n<li>&#8220;\u00bfPor qu\u00e9 el sistema se interrumpe en este punto y me pide estos datos? \u00bfD\u00f3nde debo introducirlo?&#8221;<\/li>\n<li>&#8220;\u00bfC\u00f3mo emito una nota de cr\u00e9dito?&#8221;<\/li>\n<li>&#8220;\u00bfC\u00f3mo configuro los almacenes multi niveles?&#8221;.<\/li>\n<\/ul>\n<p>En casos menos sencillos, es posible que el t\u00e9cnico se ponga de nuevo en contacto con ti para pedirte m\u00e1s informaci\u00f3n sobre el problema que le comunicaste con el fin de solucionarlo con la mayor rapidez posible.<\/p>\n<blockquote><p><em>El mayor compromiso requerido para un ticket es de quince minutos.<\/em><\/p><\/blockquote>\n<p>Elige el paquete Ticket de Asistencia T\u00e9cnica si quieres recibir informaci\u00f3n inmediata y personalizada sobre el M\u00e9todo Adiuvet, si tienes nuevos empleados a los que entrenar, si quieres conocer y desarrollar aspectos m\u00e1s estrat\u00e9gicos de la herramienta.<\/p>\n<p><em>Nota: normalmente el servicio se activa 3 d\u00edas h\u00e1biles despu\u00e9s del pago.<\/em><\/p>\n","protected":false},"excerpt":{"rendered":"<p>El m\u00e9todo Adiuvet es f\u00e1cil y muy intuitivo, y si te surgen dudas en nuestra web encontrar\u00e1s una amplia documentaci\u00f3n junto con el canal de YouTube donde podr\u00e1s obtener todas las respuestas a tus preguntas.<br \/>\nPero si quieres un soporte personalizado, r\u00e1pido y dedicado que te responda en 4 horas en horario comercial, compra tu paquete de soporte de 10 tickets.<br \/>\nA trav\u00e9s de un canal espec\u00edfico, responder\u00e1 un personal cualificado y experimentado. &hellip; <a href=\"https:\/\/www.adiuvet.com\/es\/accesorios\/paquete-tecnica-asistencia\/\">Read More<\/a><\/p>\n","protected":false},"featured_media":6911,"template":"","meta":[],"product_brand":[],"product_cat":[164,165],"product_tag":[184],"class_list":{"0":"post-9008","1":"product","2":"type-product","3":"status-publish","4":"has-post-thumbnail","6":"product_cat-amplia-tu-licencia","7":"product_cat-accesorios","8":"product_tag-quantita-paquetes","10":"first","11":"instock","12":"virtual","13":"taxable","14":"purchasable","15":"product-type-simple"},"yoast_head":"<!-- This site is optimized with the Yoast SEO plugin v27.2 - https:\/\/yoast.com\/product\/yoast-seo-wordpress\/ -->\n<title>Asistencia t\u00e9cnica | Adiuvet Software per veterinari<\/title>\n<meta name=\"description\" content=\"Paquete de 10 Tickets de Asistencia T\u00e9cnica personalizados para sacar el m\u00e1ximo partido a tu sistema de gesti\u00f3n veterinaria Adiuvet.\" \/>\n<meta name=\"robots\" content=\"index, follow, max-snippet:-1, max-image-preview:large, max-video-preview:-1\" \/>\n<link rel=\"canonical\" href=\"https:\/\/www.adiuvet.com\/es\/accesorios\/paquete-tecnica-asistencia\/\" \/>\n<meta property=\"og:locale\" content=\"es_ES\" \/>\n<meta property=\"og:type\" content=\"article\" \/>\n<meta property=\"og:title\" content=\"Asistencia t\u00e9cnica | Adiuvet Software per veterinari\" \/>\n<meta property=\"og:description\" content=\"Paquete de 10 Tickets de Asistencia T\u00e9cnica personalizados para sacar el m\u00e1ximo partido a tu sistema de gesti\u00f3n veterinaria Adiuvet.\" \/>\n<meta property=\"og:url\" content=\"https:\/\/www.adiuvet.com\/es\/accesorios\/paquete-tecnica-asistencia\/\" \/>\n<meta property=\"og:site_name\" content=\"Adiuvet\" \/>\n<meta property=\"article:modified_time\" content=\"2024-03-03T12:28:24+00:00\" \/>\n<meta name=\"twitter:card\" content=\"summary_large_image\" \/>\n<meta name=\"twitter:label1\" content=\"Tiempo de lectura\" \/>\n\t<meta name=\"twitter:data1\" content=\"2 minutos\" \/>\n<script type=\"application\/ld+json\" class=\"yoast-schema-graph\">{\"@context\":\"https:\/\/schema.org\",\"@graph\":[{\"@type\":\"WebPage\",\"@id\":\"https:\/\/www.adiuvet.com\/es\/accesorios\/paquete-tecnica-asistencia\/\",\"url\":\"https:\/\/www.adiuvet.com\/es\/accesorios\/paquete-tecnica-asistencia\/\",\"name\":\"Asistencia t\u00e9cnica | Adiuvet Software per veterinari\",\"isPartOf\":{\"@id\":\"https:\/\/www.adiuvet.com\/es\/#website\"},\"primaryImageOfPage\":{\"@id\":\"https:\/\/www.adiuvet.com\/es\/accesorios\/paquete-tecnica-asistencia\/#primaryimage\"},\"image\":{\"@id\":\"https:\/\/www.adiuvet.com\/es\/accesorios\/paquete-tecnica-asistencia\/#primaryimage\"},\"thumbnailUrl\":\"https:\/\/www.adiuvet.com\/wp-content\/uploads\/2022\/09\/Paccchetto_ticket_assistenza_tecnica-09.svg\",\"datePublished\":\"2022-09-26T19:10:51+00:00\",\"dateModified\":\"2024-03-03T12:28:24+00:00\",\"description\":\"Paquete de 10 Tickets de Asistencia T\u00e9cnica personalizados para sacar el m\u00e1ximo partido a tu sistema de gesti\u00f3n veterinaria Adiuvet.\",\"breadcrumb\":{\"@id\":\"https:\/\/www.adiuvet.com\/es\/accesorios\/paquete-tecnica-asistencia\/#breadcrumb\"},\"inLanguage\":\"es\",\"potentialAction\":[{\"@type\":\"ReadAction\",\"target\":[\"https:\/\/www.adiuvet.com\/es\/accesorios\/paquete-tecnica-asistencia\/\"]}]},{\"@type\":\"ImageObject\",\"inLanguage\":\"es\",\"@id\":\"https:\/\/www.adiuvet.com\/es\/accesorios\/paquete-tecnica-asistencia\/#primaryimage\",\"url\":\"https:\/\/www.adiuvet.com\/wp-content\/uploads\/2022\/09\/Paccchetto_ticket_assistenza_tecnica-09.svg\",\"contentUrl\":\"https:\/\/www.adiuvet.com\/wp-content\/uploads\/2022\/09\/Paccchetto_ticket_assistenza_tecnica-09.svg\",\"caption\":\"pacchetto ticket assistenza tecnica Adiuvet gestionale veterinario\"},{\"@type\":\"BreadcrumbList\",\"@id\":\"https:\/\/www.adiuvet.com\/es\/accesorios\/paquete-tecnica-asistencia\/#breadcrumb\",\"itemListElement\":[{\"@type\":\"ListItem\",\"position\":1,\"name\":\"Home\",\"item\":\"https:\/\/www.adiuvet.com\/es\/\"},{\"@type\":\"ListItem\",\"position\":2,\"name\":\"Productos\",\"item\":\"https:\/\/www.adiuvet.com\/es\/shop\/\"},{\"@type\":\"ListItem\",\"position\":3,\"name\":\"Asistencia t\u00e9cnica\"}]},{\"@type\":\"WebSite\",\"@id\":\"https:\/\/www.adiuvet.com\/es\/#website\",\"url\":\"https:\/\/www.adiuvet.com\/es\/\",\"name\":\"Adiuvet\",\"description\":\"Arricchisci il tuo business nella veterinaria\",\"publisher\":{\"@id\":\"https:\/\/www.adiuvet.com\/es\/#organization\"},\"potentialAction\":[{\"@type\":\"SearchAction\",\"target\":{\"@type\":\"EntryPoint\",\"urlTemplate\":\"https:\/\/www.adiuvet.com\/es\/?s={search_term_string}\"},\"query-input\":{\"@type\":\"PropertyValueSpecification\",\"valueRequired\":true,\"valueName\":\"search_term_string\"}}],\"inLanguage\":\"es\"},{\"@type\":\"Organization\",\"@id\":\"https:\/\/www.adiuvet.com\/es\/#organization\",\"name\":\"Adiuvet\",\"url\":\"https:\/\/www.adiuvet.com\/es\/\",\"logo\":{\"@type\":\"ImageObject\",\"inLanguage\":\"es\",\"@id\":\"https:\/\/www.adiuvet.com\/es\/#\/schema\/logo\/image\/\",\"url\":\"https:\/\/www.adiuvet.com\/wp-content\/uploads\/2022\/07\/logo_adiuvet.svg\",\"contentUrl\":\"https:\/\/www.adiuvet.com\/wp-content\/uploads\/2022\/07\/logo_adiuvet.svg\",\"width\":100,\"height\":100,\"caption\":\"Adiuvet\"},\"image\":{\"@id\":\"https:\/\/www.adiuvet.com\/es\/#\/schema\/logo\/image\/\"},\"sameAs\":[\"https:\/\/www.youtube.com\/@Adiuvet\"]}]}<\/script>\n<!-- \/ Yoast SEO plugin. -->","yoast_head_json":{"title":"Asistencia t\u00e9cnica | Adiuvet Software per veterinari","description":"Paquete de 10 Tickets de Asistencia T\u00e9cnica personalizados para sacar el m\u00e1ximo partido a tu sistema de gesti\u00f3n veterinaria Adiuvet.","robots":{"index":"index","follow":"follow","max-snippet":"max-snippet:-1","max-image-preview":"max-image-preview:large","max-video-preview":"max-video-preview:-1"},"canonical":"https:\/\/www.adiuvet.com\/es\/accesorios\/paquete-tecnica-asistencia\/","og_locale":"es_ES","og_type":"article","og_title":"Asistencia t\u00e9cnica | Adiuvet Software per veterinari","og_description":"Paquete de 10 Tickets de Asistencia T\u00e9cnica personalizados para sacar el m\u00e1ximo partido a tu sistema de gesti\u00f3n veterinaria Adiuvet.","og_url":"https:\/\/www.adiuvet.com\/es\/accesorios\/paquete-tecnica-asistencia\/","og_site_name":"Adiuvet","article_modified_time":"2024-03-03T12:28:24+00:00","twitter_card":"summary_large_image","twitter_misc":{"Tiempo de lectura":"2 minutos"},"schema":{"@context":"https:\/\/schema.org","@graph":[{"@type":"WebPage","@id":"https:\/\/www.adiuvet.com\/es\/accesorios\/paquete-tecnica-asistencia\/","url":"https:\/\/www.adiuvet.com\/es\/accesorios\/paquete-tecnica-asistencia\/","name":"Asistencia t\u00e9cnica | Adiuvet Software per veterinari","isPartOf":{"@id":"https:\/\/www.adiuvet.com\/es\/#website"},"primaryImageOfPage":{"@id":"https:\/\/www.adiuvet.com\/es\/accesorios\/paquete-tecnica-asistencia\/#primaryimage"},"image":{"@id":"https:\/\/www.adiuvet.com\/es\/accesorios\/paquete-tecnica-asistencia\/#primaryimage"},"thumbnailUrl":"https:\/\/www.adiuvet.com\/wp-content\/uploads\/2022\/09\/Paccchetto_ticket_assistenza_tecnica-09.svg","datePublished":"2022-09-26T19:10:51+00:00","dateModified":"2024-03-03T12:28:24+00:00","description":"Paquete de 10 Tickets de Asistencia T\u00e9cnica personalizados para sacar el m\u00e1ximo partido a tu sistema de gesti\u00f3n veterinaria Adiuvet.","breadcrumb":{"@id":"https:\/\/www.adiuvet.com\/es\/accesorios\/paquete-tecnica-asistencia\/#breadcrumb"},"inLanguage":"es","potentialAction":[{"@type":"ReadAction","target":["https:\/\/www.adiuvet.com\/es\/accesorios\/paquete-tecnica-asistencia\/"]}]},{"@type":"ImageObject","inLanguage":"es","@id":"https:\/\/www.adiuvet.com\/es\/accesorios\/paquete-tecnica-asistencia\/#primaryimage","url":"https:\/\/www.adiuvet.com\/wp-content\/uploads\/2022\/09\/Paccchetto_ticket_assistenza_tecnica-09.svg","contentUrl":"https:\/\/www.adiuvet.com\/wp-content\/uploads\/2022\/09\/Paccchetto_ticket_assistenza_tecnica-09.svg","caption":"pacchetto ticket assistenza tecnica Adiuvet gestionale veterinario"},{"@type":"BreadcrumbList","@id":"https:\/\/www.adiuvet.com\/es\/accesorios\/paquete-tecnica-asistencia\/#breadcrumb","itemListElement":[{"@type":"ListItem","position":1,"name":"Home","item":"https:\/\/www.adiuvet.com\/es\/"},{"@type":"ListItem","position":2,"name":"Productos","item":"https:\/\/www.adiuvet.com\/es\/shop\/"},{"@type":"ListItem","position":3,"name":"Asistencia t\u00e9cnica"}]},{"@type":"WebSite","@id":"https:\/\/www.adiuvet.com\/es\/#website","url":"https:\/\/www.adiuvet.com\/es\/","name":"Adiuvet","description":"Arricchisci il tuo business nella veterinaria","publisher":{"@id":"https:\/\/www.adiuvet.com\/es\/#organization"},"potentialAction":[{"@type":"SearchAction","target":{"@type":"EntryPoint","urlTemplate":"https:\/\/www.adiuvet.com\/es\/?s={search_term_string}"},"query-input":{"@type":"PropertyValueSpecification","valueRequired":true,"valueName":"search_term_string"}}],"inLanguage":"es"},{"@type":"Organization","@id":"https:\/\/www.adiuvet.com\/es\/#organization","name":"Adiuvet","url":"https:\/\/www.adiuvet.com\/es\/","logo":{"@type":"ImageObject","inLanguage":"es","@id":"https:\/\/www.adiuvet.com\/es\/#\/schema\/logo\/image\/","url":"https:\/\/www.adiuvet.com\/wp-content\/uploads\/2022\/07\/logo_adiuvet.svg","contentUrl":"https:\/\/www.adiuvet.com\/wp-content\/uploads\/2022\/07\/logo_adiuvet.svg","width":100,"height":100,"caption":"Adiuvet"},"image":{"@id":"https:\/\/www.adiuvet.com\/es\/#\/schema\/logo\/image\/"},"sameAs":["https:\/\/www.youtube.com\/@Adiuvet"]}]}},"_links":{"self":[{"href":"https:\/\/www.adiuvet.com\/es\/wp-json\/wp\/v2\/product\/9008","targetHints":{"allow":["GET"]}}],"collection":[{"href":"https:\/\/www.adiuvet.com\/es\/wp-json\/wp\/v2\/product"}],"about":[{"href":"https:\/\/www.adiuvet.com\/es\/wp-json\/wp\/v2\/types\/product"}],"version-history":[{"count":0,"href":"https:\/\/www.adiuvet.com\/es\/wp-json\/wp\/v2\/product\/9008\/revisions"}],"wp:featuredmedia":[{"embeddable":true,"href":"https:\/\/www.adiuvet.com\/es\/wp-json\/wp\/v2\/media\/6911"}],"wp:attachment":[{"href":"https:\/\/www.adiuvet.com\/es\/wp-json\/wp\/v2\/media?parent=9008"}],"wp:term":[{"taxonomy":"product_brand","embeddable":true,"href":"https:\/\/www.adiuvet.com\/es\/wp-json\/wp\/v2\/product_brand?post=9008"},{"taxonomy":"product_cat","embeddable":true,"href":"https:\/\/www.adiuvet.com\/es\/wp-json\/wp\/v2\/product_cat?post=9008"},{"taxonomy":"product_tag","embeddable":true,"href":"https:\/\/www.adiuvet.com\/es\/wp-json\/wp\/v2\/product_tag?post=9008"}],"curies":[{"name":"wp","href":"https:\/\/api.w.org\/{rel}","templated":true}]}}