{"id":9084,"date":"2022-10-10T18:38:26","date_gmt":"2022-10-10T16:38:26","guid":{"rendered":"https:\/\/testwww.adiuvet.com\/prodotto\/sin%20categor\u00eda\/totem\/"},"modified":"2022-12-27T19:49:05","modified_gmt":"2022-12-27T18:49:05","slug":"totem","status":"publish","type":"product","link":"https:\/\/www.adiuvet.com\/es\/accesorios\/asesoramiento-personalizado\/","title":{"rendered":"Asesoramiento personalizado"},"content":{"rendered":"<p>\u00bfTiene una solicitud muy espec\u00edfica relacionada con su sistema de gesti\u00f3n veterinaria y no ha encontrado nada adecuado para usted?<br \/>\n\u00bfTiene un problema t\u00e9cnico que no puede resolver y que quiz\u00e1s concierne a sus estaciones de trabajo, su red LAN, sus servidores? \u00bfSu seguridad cibern\u00e9tica local est\u00e1 en riesgo o ya est\u00e1 comprometida?<br \/>\nEnv\u00edenos su problema con confianza y sin compromiso, describiendo los detalles \u00fatiles. Lo analizaremos, estudiaremos la viabilidad de una soluci\u00f3n y le enviaremos un presupuesto a medida.<\/p>\n","protected":false},"excerpt":{"rendered":"<p>\u00bfTiene una solicitud muy espec\u00edfica relacionada con su sistema de gesti\u00f3n veterinaria y no ha encontrado nada adecuado para usted?<\/p>\n<p>Env\u00edenos su problema con confianza y sin compromiso, describiendo los detalles \u00fatiles.<br \/>\nLo analizaremos, estudiaremos la viabilidad de una soluci\u00f3n y le enviaremos un presupuesto a medida. &hellip; <a href=\"https:\/\/www.adiuvet.com\/es\/accesorios\/asesoramiento-personalizado\/\">Read More<\/a><\/p>\n","protected":false},"featured_media":6884,"template":"","meta":[],"product_brand":[],"product_cat":[165,169],"product_tag":[],"class_list":{"0":"post-9084","1":"product","2":"type-product","3":"status-publish","4":"has-post-thumbnail","6":"product_cat-accesorios","7":"product_cat-productos-adicionales","9":"first","10":"instock","11":"virtual","12":"sold-individually","13":"taxable","14":"purchasable","15":"product-type-simple"},"yoast_head":"<!-- This site is optimized with the Yoast SEO plugin v27.2 - https:\/\/yoast.com\/product\/yoast-seo-wordpress\/ -->\n<title>Asesoramiento personalizado | Adiuvet Software per veterinari<\/title>\n<meta name=\"description\" content=\"\u00bfTiene una solicitud muy espec\u00edfica relacionada con la gesti\u00f3n veterinaria y no ha encontrado nada adecuado para usted? Env\u00edenos su problema con confianza describiendo los detalles \u00fatiles y le enviaremos un presupuesto personalizado.\" \/>\n<meta name=\"robots\" content=\"index, follow, max-snippet:-1, max-image-preview:large, max-video-preview:-1\" \/>\n<link rel=\"canonical\" href=\"https:\/\/www.adiuvet.com\/es\/accesorios\/asesoramiento-personalizado\/\" \/>\n<meta property=\"og:locale\" content=\"es_ES\" \/>\n<meta property=\"og:type\" content=\"article\" \/>\n<meta property=\"og:title\" content=\"Asesoramiento personalizado | Adiuvet Software per veterinari\" \/>\n<meta property=\"og:description\" content=\"\u00bfTiene una solicitud muy espec\u00edfica relacionada con la gesti\u00f3n veterinaria y no ha encontrado nada adecuado para usted? Env\u00edenos su problema con confianza describiendo los detalles \u00fatiles y le enviaremos un presupuesto personalizado.\" \/>\n<meta property=\"og:url\" content=\"https:\/\/www.adiuvet.com\/es\/accesorios\/asesoramiento-personalizado\/\" \/>\n<meta property=\"og:site_name\" content=\"Adiuvet\" \/>\n<meta property=\"article:modified_time\" content=\"2022-12-27T18:49:05+00:00\" \/>\n<meta name=\"twitter:card\" content=\"summary_large_image\" \/>\n<script type=\"application\/ld+json\" class=\"yoast-schema-graph\">{\"@context\":\"https:\/\/schema.org\",\"@graph\":[{\"@type\":\"WebPage\",\"@id\":\"https:\/\/www.adiuvet.com\/es\/accesorios\/asesoramiento-personalizado\/\",\"url\":\"https:\/\/www.adiuvet.com\/es\/accesorios\/asesoramiento-personalizado\/\",\"name\":\"Asesoramiento personalizado | Adiuvet Software per veterinari\",\"isPartOf\":{\"@id\":\"https:\/\/www.adiuvet.com\/es\/#website\"},\"primaryImageOfPage\":{\"@id\":\"https:\/\/www.adiuvet.com\/es\/accesorios\/asesoramiento-personalizado\/#primaryimage\"},\"image\":{\"@id\":\"https:\/\/www.adiuvet.com\/es\/accesorios\/asesoramiento-personalizado\/#primaryimage\"},\"thumbnailUrl\":\"https:\/\/www.adiuvet.com\/wp-content\/uploads\/2022\/10\/riscuotitrice-gestionale-veterinario-adiuvet.svg\",\"datePublished\":\"2022-10-10T16:38:26+00:00\",\"dateModified\":\"2022-12-27T18:49:05+00:00\",\"description\":\"\u00bfTiene una solicitud muy espec\u00edfica relacionada con la gesti\u00f3n veterinaria y no ha encontrado nada adecuado para usted? Env\u00edenos su problema con confianza describiendo los detalles \u00fatiles y le enviaremos un presupuesto personalizado.\",\"breadcrumb\":{\"@id\":\"https:\/\/www.adiuvet.com\/es\/accesorios\/asesoramiento-personalizado\/#breadcrumb\"},\"inLanguage\":\"es\",\"potentialAction\":[{\"@type\":\"ReadAction\",\"target\":[\"https:\/\/www.adiuvet.com\/es\/accesorios\/asesoramiento-personalizado\/\"]}]},{\"@type\":\"ImageObject\",\"inLanguage\":\"es\",\"@id\":\"https:\/\/www.adiuvet.com\/es\/accesorios\/asesoramiento-personalizado\/#primaryimage\",\"url\":\"https:\/\/www.adiuvet.com\/wp-content\/uploads\/2022\/10\/riscuotitrice-gestionale-veterinario-adiuvet.svg\",\"contentUrl\":\"https:\/\/www.adiuvet.com\/wp-content\/uploads\/2022\/10\/riscuotitrice-gestionale-veterinario-adiuvet.svg\",\"caption\":\"Risolvi problemi gestionale veterinario Adiuvet\"},{\"@type\":\"BreadcrumbList\",\"@id\":\"https:\/\/www.adiuvet.com\/es\/accesorios\/asesoramiento-personalizado\/#breadcrumb\",\"itemListElement\":[{\"@type\":\"ListItem\",\"position\":1,\"name\":\"Home\",\"item\":\"https:\/\/www.adiuvet.com\/es\/\"},{\"@type\":\"ListItem\",\"position\":2,\"name\":\"Productos\",\"item\":\"https:\/\/www.adiuvet.com\/es\/shop\/\"},{\"@type\":\"ListItem\",\"position\":3,\"name\":\"Asesoramiento personalizado\"}]},{\"@type\":\"WebSite\",\"@id\":\"https:\/\/www.adiuvet.com\/es\/#website\",\"url\":\"https:\/\/www.adiuvet.com\/es\/\",\"name\":\"Adiuvet\",\"description\":\"Arricchisci il tuo business nella veterinaria\",\"publisher\":{\"@id\":\"https:\/\/www.adiuvet.com\/es\/#organization\"},\"potentialAction\":[{\"@type\":\"SearchAction\",\"target\":{\"@type\":\"EntryPoint\",\"urlTemplate\":\"https:\/\/www.adiuvet.com\/es\/?s={search_term_string}\"},\"query-input\":{\"@type\":\"PropertyValueSpecification\",\"valueRequired\":true,\"valueName\":\"search_term_string\"}}],\"inLanguage\":\"es\"},{\"@type\":\"Organization\",\"@id\":\"https:\/\/www.adiuvet.com\/es\/#organization\",\"name\":\"Adiuvet\",\"url\":\"https:\/\/www.adiuvet.com\/es\/\",\"logo\":{\"@type\":\"ImageObject\",\"inLanguage\":\"es\",\"@id\":\"https:\/\/www.adiuvet.com\/es\/#\/schema\/logo\/image\/\",\"url\":\"https:\/\/www.adiuvet.com\/wp-content\/uploads\/2022\/07\/logo_adiuvet.svg\",\"contentUrl\":\"https:\/\/www.adiuvet.com\/wp-content\/uploads\/2022\/07\/logo_adiuvet.svg\",\"width\":100,\"height\":100,\"caption\":\"Adiuvet\"},\"image\":{\"@id\":\"https:\/\/www.adiuvet.com\/es\/#\/schema\/logo\/image\/\"},\"sameAs\":[\"https:\/\/www.youtube.com\/@Adiuvet\"]}]}<\/script>\n<!-- \/ Yoast SEO plugin. -->","yoast_head_json":{"title":"Asesoramiento personalizado | Adiuvet Software per veterinari","description":"\u00bfTiene una solicitud muy espec\u00edfica relacionada con la gesti\u00f3n veterinaria y no ha encontrado nada adecuado para usted? Env\u00edenos su problema con confianza describiendo los detalles \u00fatiles y le enviaremos un presupuesto personalizado.","robots":{"index":"index","follow":"follow","max-snippet":"max-snippet:-1","max-image-preview":"max-image-preview:large","max-video-preview":"max-video-preview:-1"},"canonical":"https:\/\/www.adiuvet.com\/es\/accesorios\/asesoramiento-personalizado\/","og_locale":"es_ES","og_type":"article","og_title":"Asesoramiento personalizado | Adiuvet Software per veterinari","og_description":"\u00bfTiene una solicitud muy espec\u00edfica relacionada con la gesti\u00f3n veterinaria y no ha encontrado nada adecuado para usted? Env\u00edenos su problema con confianza describiendo los detalles \u00fatiles y le enviaremos un presupuesto personalizado.","og_url":"https:\/\/www.adiuvet.com\/es\/accesorios\/asesoramiento-personalizado\/","og_site_name":"Adiuvet","article_modified_time":"2022-12-27T18:49:05+00:00","twitter_card":"summary_large_image","schema":{"@context":"https:\/\/schema.org","@graph":[{"@type":"WebPage","@id":"https:\/\/www.adiuvet.com\/es\/accesorios\/asesoramiento-personalizado\/","url":"https:\/\/www.adiuvet.com\/es\/accesorios\/asesoramiento-personalizado\/","name":"Asesoramiento personalizado | Adiuvet Software per veterinari","isPartOf":{"@id":"https:\/\/www.adiuvet.com\/es\/#website"},"primaryImageOfPage":{"@id":"https:\/\/www.adiuvet.com\/es\/accesorios\/asesoramiento-personalizado\/#primaryimage"},"image":{"@id":"https:\/\/www.adiuvet.com\/es\/accesorios\/asesoramiento-personalizado\/#primaryimage"},"thumbnailUrl":"https:\/\/www.adiuvet.com\/wp-content\/uploads\/2022\/10\/riscuotitrice-gestionale-veterinario-adiuvet.svg","datePublished":"2022-10-10T16:38:26+00:00","dateModified":"2022-12-27T18:49:05+00:00","description":"\u00bfTiene una solicitud muy espec\u00edfica relacionada con la gesti\u00f3n veterinaria y no ha encontrado nada adecuado para usted? Env\u00edenos su problema con confianza describiendo los detalles \u00fatiles y le enviaremos un presupuesto personalizado.","breadcrumb":{"@id":"https:\/\/www.adiuvet.com\/es\/accesorios\/asesoramiento-personalizado\/#breadcrumb"},"inLanguage":"es","potentialAction":[{"@type":"ReadAction","target":["https:\/\/www.adiuvet.com\/es\/accesorios\/asesoramiento-personalizado\/"]}]},{"@type":"ImageObject","inLanguage":"es","@id":"https:\/\/www.adiuvet.com\/es\/accesorios\/asesoramiento-personalizado\/#primaryimage","url":"https:\/\/www.adiuvet.com\/wp-content\/uploads\/2022\/10\/riscuotitrice-gestionale-veterinario-adiuvet.svg","contentUrl":"https:\/\/www.adiuvet.com\/wp-content\/uploads\/2022\/10\/riscuotitrice-gestionale-veterinario-adiuvet.svg","caption":"Risolvi problemi gestionale veterinario Adiuvet"},{"@type":"BreadcrumbList","@id":"https:\/\/www.adiuvet.com\/es\/accesorios\/asesoramiento-personalizado\/#breadcrumb","itemListElement":[{"@type":"ListItem","position":1,"name":"Home","item":"https:\/\/www.adiuvet.com\/es\/"},{"@type":"ListItem","position":2,"name":"Productos","item":"https:\/\/www.adiuvet.com\/es\/shop\/"},{"@type":"ListItem","position":3,"name":"Asesoramiento personalizado"}]},{"@type":"WebSite","@id":"https:\/\/www.adiuvet.com\/es\/#website","url":"https:\/\/www.adiuvet.com\/es\/","name":"Adiuvet","description":"Arricchisci il tuo business nella veterinaria","publisher":{"@id":"https:\/\/www.adiuvet.com\/es\/#organization"},"potentialAction":[{"@type":"SearchAction","target":{"@type":"EntryPoint","urlTemplate":"https:\/\/www.adiuvet.com\/es\/?s={search_term_string}"},"query-input":{"@type":"PropertyValueSpecification","valueRequired":true,"valueName":"search_term_string"}}],"inLanguage":"es"},{"@type":"Organization","@id":"https:\/\/www.adiuvet.com\/es\/#organization","name":"Adiuvet","url":"https:\/\/www.adiuvet.com\/es\/","logo":{"@type":"ImageObject","inLanguage":"es","@id":"https:\/\/www.adiuvet.com\/es\/#\/schema\/logo\/image\/","url":"https:\/\/www.adiuvet.com\/wp-content\/uploads\/2022\/07\/logo_adiuvet.svg","contentUrl":"https:\/\/www.adiuvet.com\/wp-content\/uploads\/2022\/07\/logo_adiuvet.svg","width":100,"height":100,"caption":"Adiuvet"},"image":{"@id":"https:\/\/www.adiuvet.com\/es\/#\/schema\/logo\/image\/"},"sameAs":["https:\/\/www.youtube.com\/@Adiuvet"]}]}},"_links":{"self":[{"href":"https:\/\/www.adiuvet.com\/es\/wp-json\/wp\/v2\/product\/9084","targetHints":{"allow":["GET"]}}],"collection":[{"href":"https:\/\/www.adiuvet.com\/es\/wp-json\/wp\/v2\/product"}],"about":[{"href":"https:\/\/www.adiuvet.com\/es\/wp-json\/wp\/v2\/types\/product"}],"version-history":[{"count":0,"href":"https:\/\/www.adiuvet.com\/es\/wp-json\/wp\/v2\/product\/9084\/revisions"}],"wp:featuredmedia":[{"embeddable":true,"href":"https:\/\/www.adiuvet.com\/es\/wp-json\/wp\/v2\/media\/6884"}],"wp:attachment":[{"href":"https:\/\/www.adiuvet.com\/es\/wp-json\/wp\/v2\/media?parent=9084"}],"wp:term":[{"taxonomy":"product_brand","embeddable":true,"href":"https:\/\/www.adiuvet.com\/es\/wp-json\/wp\/v2\/product_brand?post=9084"},{"taxonomy":"product_cat","embeddable":true,"href":"https:\/\/www.adiuvet.com\/es\/wp-json\/wp\/v2\/product_cat?post=9084"},{"taxonomy":"product_tag","embeddable":true,"href":"https:\/\/www.adiuvet.com\/es\/wp-json\/wp\/v2\/product_tag?post=9084"}],"curies":[{"name":"wp","href":"https:\/\/api.w.org\/{rel}","templated":true}]}}